{"id":1997,"date":"2026-03-07T13:16:22","date_gmt":"2026-03-07T13:16:22","guid":{"rendered":"https:\/\/metakortos.lt\/?post_type=product&#038;p=1997"},"modified":"2026-03-29T12:43:54","modified_gmt":"2026-03-29T12:43:54","slug":"portalai","status":"publish","type":"product","link":"https:\/\/metakortos.lt\/ru\/%d0%bf%d1%80%d0%be%d0%b4%d1%83%d0%ba%d1%82\/portalai\/","title":{"rendered":"\u041f\u043e\u0440\u0442\u0430\u043b\u044b"},"content":{"rendered":"<p>\u201cPortals\u201d(\u201cPortalai\u201d)<\/p>\n<p>\u201ePortal\u0173\u201c kortos \u2013 tai abstrakt\u016bs vaizdai, menin\u0117s miniati\u016bros, sukurtos \u012fprast\u0173 \u017eaidimo kort\u0173<br \/>\nformatu.<br \/>\nKiekviena korta leid\u017eia pasisemti vaizduot\u0117s: i\u0161kylantys vaizdai, istorijos, kurios ateina pas jus,<br \/>\nniekada nesikartoja net tame pa\u010diame asmenyje, nes jausmai ir b\u016bsenos kyla savaime.<br \/>\nN\u0117ra joki\u0173 taisykli\u0173 ar apibr\u0117\u017et\u0173 reik\u0161mi\u0173; kiekvienas i\u0161 m\u016bs\u0173 tame pa\u010diame vaizde matome<br \/>\nka\u017ek\u0105 unikalaus: peiza\u017e\u0105, kaln\u0173 grandin\u0119, d\u017eiungles, miesto gatv\u0119, ol\u0105, o gal mil\u017eino rank\u0105, i\u0161<br \/>\n\u0105so\u010dio tryk\u0161tant\u012f upel\u012f, o gal ka\u017ek\u0105 pana\u0161aus \u012f save.<br \/>\nKiekvienas \u0161ias kortas suvokia skirtingai, ir tai suteikia savirai\u0161kos laisv\u0119, galimyb\u0119 pamatyti<br \/>\nsavo vidin\u012f pasaul\u012f. Visus savo jausmus ir emocijas galite i\u0161lieti ant drob\u0117s ar nat\u0173 s\u0105siuvinyje,<br \/>\ni\u0161reik\u0161ti juos \u017eod\u017eiais, poezija, \u0161okiu. Nepriklausomai nuo pasirinkto savirai\u0161kos b\u016bdo,<br \/>\natminkite, kad pa\u0117m\u0119 kort\u0105 i\u0161 \u201ePortal\u0173\u201c kalad\u0117s, galite i\u0161traukti simbol\u012f, metafor\u0105 ar koki\u0105 nors<br \/>\nasociacin\u0119 grandin\u0119 i\u0161 vaizdo. Svarbiausia \u2013 pasitik\u0117ti savimi ir b\u016bti s\u0105\u017einingam su savimi.<br \/>\n\u201ePortal\u0173\u201c kortos \u2013 tai virtual\u016bs vartai \u012f j\u016bs\u0173 fantazij\u0173 pasaul\u012f.<br \/>\n\u017dAIDIMAI<br \/>\nSolo<br \/>\n\u201eStebuklingas veidrodis\u201c. \u017daid\u0117jas traukia kort\u0105 i\u0161 \u201ePortal\u0173\u201c kalad\u0117s ir apib\u016bdina j\u0105 kaip savo<br \/>\ndabartin\u0119 b\u016bsen\u0105 arba save. Korta yra \u201eStebuklingas veidrodis\u201c, atspindintis m\u016bs\u0173 jausmus,<br \/>\nemocijas, tro\u0161kimus ir mintis. Tokiu b\u016bdu galite pamatyti save kitaip ir galb\u016bt suprasti, k\u0105<br \/>\ndaryti toliau ar kaip elgtis konkre\u010dioje situacijoje.<br \/>\n\u201eMozaika\u201c. I\u0161 \u201ePortal\u0173\u201c kalad\u0117s, atversta \u017eemyn, i\u0161traukite 10 kort\u0173. Ap\u017ei\u016br\u0117j\u0119 kortas, surinkite<br \/>\njas \u012f mozaik\u0105. Apra\u0161ykite gaut\u0105 vaizd\u0105. Tai gali b\u016bti \u017eem\u0117lapis arba j\u016bs\u0173 gatv\u0117s vaizdas i\u0161 oro<br \/>\nbaliono. Leiskite savo vaizduotei lietis laisvai. \u0160is \u017eaidimas padeda i\u0161pl\u0117sti j\u016bs\u0173 suvokim\u0105 ir<br \/>\nlavinti vaizduot\u0119.<br \/>\n\u201eMenininkas\u201c. I\u0161 atverstos \u201ePortal\u0173\u201c kalad\u0117s i\u0161traukite 10 kort\u0173. Ap\u017ei\u016br\u0117j\u0119 kortas, paimkite<br \/>\npopieriaus lap\u0105 ir pie\u0161tukus ir nupie\u0161kite savo \u017eem\u0117lap\u012f, kuriame atsispind\u0117t\u0173 jausmai ir<br \/>\nemocijos, kurias patyr\u0117te \u017ei\u016br\u0117dami \u012f kortas. \u0160is \u017eaidimas padeda lavinti ir pl\u0117sti j\u016bs\u0173<br \/>\nk\u016brybi\u0161kum\u0105.<\/p>\n<p>\u0418\u0433\u0440\u044b \u0434\u043b\u044f 2 \u0438\u043b\u0438 \u0431\u043e\u043b\u0435\u0435 \u0438\u0433\u0440\u043e\u043a\u043e\u0432<\/p>\n<p>\u201eKortel\u0117s rankose\u201c. Stalo centre atversta kort\u0173 kalad\u0117 padedama \u017eemyn. Kiekvienas \u017eaid\u0117jas i\u0161<br \/>\nkalad\u0117s traukia 5 kortas, laikydamas jas paslaptyje nuo kit\u0173 \u017eaid\u0117j\u0173. Pirmasis \u017eaid\u0117jas<br \/>\natsitiktinai pasirenka kort\u0105 i\u0161 kalad\u0117s, j\u0105 apver\u010dia ir padeda atverst\u0105, spontani\u0161kai prad\u0117damas<br \/>\npasakoti istorij\u0105 nuo pirmo sakinio, kuris ateina \u012f galv\u0105. Kita pasakojama korta pasirenkama<br \/>\ns\u0105moningai, o ne atsitiktinai. I\u0161 prad\u017ei\u0173 atrodo, kad istorij\u0105 veda \u017eaid\u0117j\u0173 valia. \u017daidimui<br \/>\nt\u0119siantis, kort\u0173 skai\u010dius ma\u017e\u0117ja ir tik \u017eaid\u0117j\u0173 vaizduot\u0117 gali u\u017ebaigti istorij\u0105. Venkite sud\u0117ting\u0173<br \/>\nsiu\u017eet\u0173. Paprastas siu\u017eetas yra smagesnis ir lengviau sekamas. \u017daidimas padeda lavinti<br \/>\nvaizduot\u0119 ir moko atkreipti d\u0117mes\u012f \u012f \u012fvykius.<\/p>\n<p>\u201eKelion\u0117\u201c. Pirmasis \u017eaid\u0117jas atsitiktinai pasirenka kort\u0105 i\u0161 kalad\u0117s, apver\u010dia j\u0105 ir padeda<br \/>\natverst\u0105, prad\u0117damas pasakoti istorij\u0105 \u2013 kelion\u0117s, kurioje dalyvauja visi \u017eaid\u0117jai, apra\u0161ym\u0105.<br \/>\nKiekvienas \u017eaid\u0117jas u\u017ebaigia savo istorij\u0105, kad kitas \u017eaid\u0117jas gal\u0117t\u0173 j\u0105 t\u0119sti naudodamas savo<br \/>\nkort\u0105. Galite \u017eaisti, kol i\u0161 kalad\u0117s bus i\u0161trauktos visos kortos, arba galite i\u0161 anksto nuspr\u0119sti,<br \/>\nkiek kort\u0173 kiekvienas \u017eaid\u0117jas trauks. \u017daidimas ne tik suteikia smag\u0173 b\u016bd\u0105 praleisti laik\u0105, bet ir<br \/>\npadeda i\u0161mokti dirbti komandoje, suprasti savo partner\u012f ir pad\u0117ti jam atlikti savo vaidmen\u012f.<br \/>\n\u201eParoda\u201c. \u017daid\u0117jai i\u0161 kalad\u0117s traukia tris \u201ePortal\u0173\u201c kortas ir, nerodydami j\u0173 kitiems \u017eaid\u0117jams,<br \/>\nsugalvoja joms pavadinimus. V\u0117liau \u017eaid\u0117jai paeiliui rodo savo kortas kitiems \u017eaid\u0117jams ir<br \/>\npasako j\u0173 vardus. Kit\u0173 \u017eaid\u0117j\u0173 u\u017eduotis \u2013 atsp\u0117ti kiekvienos kortos pavadinim\u0105. \u017daisdami \u0161\u012f<br \/>\n\u017eaidim\u0105 i\u0161mokstate pajusti savo partnerio nuotaik\u0105. \u0160is \u012fg\u016bdis padeda lengviau bendrauti su<br \/>\nkitais.<br \/>\n\u201eI\u0161tekliai\u201c. Stalo centre atversta kort\u0173 kalad\u0117 padedama atversta \u017eemyn. Kiekvienam \u017eaid\u0117jui<br \/>\ni\u0161dalinamos a\u0161tuonios u\u017everstos kortos. \u017daid\u0117jai jas ap\u017ei\u016bri. Jie gali bet kuri\u0105 i\u0161 \u0161i\u0173 kort\u0173<br \/>\ni\u0161mesti, atpl\u0117\u0161dami jas ir pad\u0117dami \u0161alia kalad\u0117s. Vietoj jos i\u0161 kalad\u0117s traukiama nauja korta.<br \/>\nKitas \u017eaid\u0117jas taip pat turi pasirinkim\u0105: jis gali pakeisti savo kort\u0105 korta i\u0161 kalad\u0117s arba viena i\u0161<br \/>\nankstesni\u0173 \u017eaid\u0117j\u0173 i\u0161mest\u0173 kort\u0173. \u017daidimas t\u0119siasi tol, kol visi yra patenkinti visomis<br \/>\na\u0161tuoniomis kortomis. Kiekvienas \u017eaid\u0117jas parodo savo kortas ir paai\u0161kina kitiems, kod\u0117l jiems<br \/>\nbuvo i\u0161traukta kiekviena korta. \u017daidimas padeda atpa\u017einti i\u0161teklius, kuri\u0173 jums reikia \u0161iame<br \/>\ngyvenimo etape, ir, sud\u0117liojus kortas \u012f darni\u0105 grandin\u0119, suprasti, kur j\u0173 rasti.<br \/>\n\u201ePortal\u0173\u201c kalad\u0117 gali b\u016bti naudojama ne tik \u017eaidimui, bet ir kaip efektyvi darbo priemon\u0117<br \/>\n\u012fvairioms profesin\u0117ms veikloms.<\/p>\n<p>\u2022 Metaforini\u0173 kort\u0173 kalad\u0117s.<br \/>\n\u2022 Kursai ir mokymai, kaip dirbti su kortomis.<br \/>\nGintaut\u0173 paramos ir labdaros fonfo internetin\u0117 parduotuv\u0117<\/p>\n<p>www.metakortos.lt<\/p>\n<p>daugiau video apie gyvenimo keitim\u0105 nor\u0173 pildim\u0105 rasite m\u016bs\u0173 Youtubo kanale Norai Pildosi<\/p>\n<p>Meil\u0117 sau, kaip i\u0161mokti pamilti save, k\u0105 duoda meil\u0117 sau<\/p>","protected":false},"excerpt":{"rendered":"<p data-start=\"183\" data-end=\"232\"><strong data-start=\"183\" data-end=\"232\">\u201ePortalai\u201c \u2013 metaforin\u0117s asociatyvin\u0117s kortos<\/strong><\/p>\n<p data-start=\"234\" data-end=\"581\">\u201ePortal\u0173\u201c kortos \u2013 tai unikali abstrak\u010di\u0173 vaizd\u0173 kalad\u0117, atverianti vartus \u012f j\u016bs\u0173 vaizduot\u0119 ir vidin\u012f pasaul\u012f. Kiekviena korta \u2013 tarsi simbolinis portalas, kuris padeda atrasti naujas mintis, emocijas ir k\u016brybines id\u0117jas. \u0160ios kortos neturi vienos teisingos reik\u0161m\u0117s \u2013 kiekvienas \u017emogus jose pamato savo istorij\u0105, jausmus ar gyvenimo situacijas.<\/p>\n<p data-start=\"583\" data-end=\"791\">\u201ePortalai\u201c puikiai tinka savirefleksijai, k\u016brybai, psichologiniam darbui, kou\u010dingui ar \u012fdomiems \u017eaidimams su draugais. Jos padeda lavinti vaizduot\u0119, geriau suprasti save ir atrasti naujus sprendimus gyvenime.<\/p>","protected":false},"featured_media":1998,"comment_status":"open","ping_status":"closed","template":"","meta":[],"product_brand":[],"product_cat":[16],"product_tag":[],"class_list":{"0":"post-1997","1":"product","2":"type-product","3":"status-publish","4":"has-post-thumbnail","6":"product_cat-metakortos","8":"first","9":"outofstock","10":"shipping-taxable","11":"purchasable","12":"product-type-simple"},"yoast_head":"<!-- This site is optimized with the Yoast SEO plugin v27.0 - https:\/\/yoast.com\/product\/yoast-seo-wordpress\/ -->\n<title>Portalai - Metakortos.lt<\/title>\n<meta name=\"robots\" content=\"index, follow, max-snippet:-1, max-image-preview:large, max-video-preview:-1\" \/>\n<link rel=\"canonical\" href=\"https:\/\/metakortos.lt\/ru\/\u043f\u0440\u043e\u0434\u0443\u043a\u0442\/portalai\/\" \/>\n<meta property=\"og:locale\" content=\"ru_RU\" \/>\n<meta property=\"og:type\" content=\"article\" \/>\n<meta property=\"og:title\" content=\"Portalai - Metakortos.lt\" \/>\n<meta property=\"og:description\" content=\"\u201ePortalai\u201c \u2013 metaforin\u0117s asociatyvin\u0117s kortos \u201ePortal\u0173\u201c kortos \u2013 tai unikali abstrak\u010di\u0173 vaizd\u0173 kalad\u0117, atverianti vartus \u012f j\u016bs\u0173\" \/>\n<meta property=\"og:url\" content=\"https:\/\/metakortos.lt\/ru\/\u043f\u0440\u043e\u0434\u0443\u043a\u0442\/portalai\/\" \/>\n<meta property=\"og:site_name\" content=\"Metakortos.lt\" \/>\n<meta property=\"article:modified_time\" content=\"2026-03-29T12:43:54+00:00\" \/>\n<meta property=\"og:image\" content=\"https:\/\/metakortos.lt\/wp-content\/uploads\/2026\/03\/DIM_4111.jpg\" \/>\n\t<meta property=\"og:image:width\" content=\"1757\" \/>\n\t<meta property=\"og:image:height\" content=\"2343\" \/>\n\t<meta property=\"og:image:type\" content=\"image\/jpeg\" \/>\n<meta name=\"twitter:card\" content=\"summary_large_image\" \/>\n<meta name=\"twitter:label1\" content=\"\u041f\u0440\u0438\u043c\u0435\u0440\u043d\u043e\u0435 \u0432\u0440\u0435\u043c\u044f \u0434\u043b\u044f \u0447\u0442\u0435\u043d\u0438\u044f\" \/>\n\t<meta name=\"twitter:data1\" content=\"4 \u043c\u0438\u043d\u0443\u0442\u044b\" \/>\n<script type=\"application\/ld+json\" class=\"yoast-schema-graph\">{\"@context\":\"https:\/\/schema.org\",\"@graph\":[{\"@type\":\"WebPage\",\"@id\":\"https:\/\/metakortos.lt\/en\/produktas\/portalai\/\",\"url\":\"https:\/\/metakortos.lt\/en\/produktas\/portalai\/\",\"name\":\"Portalai - Metakortos.lt\",\"isPartOf\":{\"@id\":\"https:\/\/metakortos.lt\/#website\"},\"primaryImageOfPage\":{\"@id\":\"https:\/\/metakortos.lt\/en\/produktas\/portalai\/#primaryimage\"},\"image\":{\"@id\":\"https:\/\/metakortos.lt\/en\/produktas\/portalai\/#primaryimage\"},\"thumbnailUrl\":\"https:\/\/metakortos.lt\/wp-content\/uploads\/2026\/03\/DIM_4111.jpg\",\"datePublished\":\"2026-03-07T13:16:22+00:00\",\"dateModified\":\"2026-03-29T12:43:54+00:00\",\"breadcrumb\":{\"@id\":\"https:\/\/metakortos.lt\/en\/produktas\/portalai\/#breadcrumb\"},\"inLanguage\":\"ru-RU\",\"potentialAction\":[{\"@type\":\"ReadAction\",\"target\":[\"https:\/\/metakortos.lt\/en\/produktas\/portalai\/\"]}]},{\"@type\":\"ImageObject\",\"inLanguage\":\"ru-RU\",\"@id\":\"https:\/\/metakortos.lt\/en\/produktas\/portalai\/#primaryimage\",\"url\":\"https:\/\/metakortos.lt\/wp-content\/uploads\/2026\/03\/DIM_4111.jpg\",\"contentUrl\":\"https:\/\/metakortos.lt\/wp-content\/uploads\/2026\/03\/DIM_4111.jpg\",\"width\":1757,\"height\":2343},{\"@type\":\"BreadcrumbList\",\"@id\":\"https:\/\/metakortos.lt\/en\/produktas\/portalai\/#breadcrumb\",\"itemListElement\":[{\"@type\":\"ListItem\",\"position\":1,\"name\":\"Home\",\"item\":\"https:\/\/metakortos.lt\/\"},{\"@type\":\"ListItem\",\"position\":2,\"name\":\"Parduotuv\u0117\",\"item\":\"https:\/\/metakortos.lt\/parduotuve-2\/\"},{\"@type\":\"ListItem\",\"position\":3,\"name\":\"Portalai\"}]},{\"@type\":\"WebSite\",\"@id\":\"https:\/\/metakortos.lt\/#website\",\"url\":\"https:\/\/metakortos.lt\/\",\"name\":\"Metakortos.lt\",\"description\":\"\",\"publisher\":{\"@id\":\"https:\/\/metakortos.lt\/#organization\"},\"potentialAction\":[{\"@type\":\"SearchAction\",\"target\":{\"@type\":\"EntryPoint\",\"urlTemplate\":\"https:\/\/metakortos.lt\/?s={search_term_string}\"},\"query-input\":{\"@type\":\"PropertyValueSpecification\",\"valueRequired\":true,\"valueName\":\"search_term_string\"}}],\"inLanguage\":\"ru-RU\"},{\"@type\":\"Organization\",\"@id\":\"https:\/\/metakortos.lt\/#organization\",\"name\":\"Metakortos.lt\",\"url\":\"https:\/\/metakortos.lt\/\",\"logo\":{\"@type\":\"ImageObject\",\"inLanguage\":\"ru-RU\",\"@id\":\"https:\/\/metakortos.lt\/#\/schema\/logo\/image\/\",\"url\":\"https:\/\/metakortos.lt\/wp-content\/uploads\/2026\/02\/cropped-photo_2025-11-21_17-31-04-removebg-preview-removebg-preview.png\",\"contentUrl\":\"https:\/\/metakortos.lt\/wp-content\/uploads\/2026\/02\/cropped-photo_2025-11-21_17-31-04-removebg-preview-removebg-preview.png\",\"width\":512,\"height\":512,\"caption\":\"Metakortos.lt\"},\"image\":{\"@id\":\"https:\/\/metakortos.lt\/#\/schema\/logo\/image\/\"}}]}<\/script>\n<!-- \/ Yoast SEO plugin. -->","yoast_head_json":{"title":"Portalai - Metakortos.lt","robots":{"index":"index","follow":"follow","max-snippet":"max-snippet:-1","max-image-preview":"max-image-preview:large","max-video-preview":"max-video-preview:-1"},"canonical":"https:\/\/metakortos.lt\/ru\/\u043f\u0440\u043e\u0434\u0443\u043a\u0442\/portalai\/","og_locale":"ru_RU","og_type":"article","og_title":"Portalai - Metakortos.lt","og_description":"\u201ePortalai\u201c \u2013 metaforin\u0117s asociatyvin\u0117s kortos \u201ePortal\u0173\u201c kortos \u2013 tai unikali abstrak\u010di\u0173 vaizd\u0173 kalad\u0117, atverianti vartus \u012f j\u016bs\u0173","og_url":"https:\/\/metakortos.lt\/ru\/\u043f\u0440\u043e\u0434\u0443\u043a\u0442\/portalai\/","og_site_name":"Metakortos.lt","article_modified_time":"2026-03-29T12:43:54+00:00","og_image":[{"width":1757,"height":2343,"url":"https:\/\/metakortos.lt\/wp-content\/uploads\/2026\/03\/DIM_4111.jpg","type":"image\/jpeg"}],"twitter_card":"summary_large_image","twitter_misc":{"\u041f\u0440\u0438\u043c\u0435\u0440\u043d\u043e\u0435 \u0432\u0440\u0435\u043c\u044f \u0434\u043b\u044f \u0447\u0442\u0435\u043d\u0438\u044f":"4 \u043c\u0438\u043d\u0443\u0442\u044b"},"schema":{"@context":"https:\/\/schema.org","@graph":[{"@type":"WebPage","@id":"https:\/\/metakortos.lt\/en\/produktas\/portalai\/","url":"https:\/\/metakortos.lt\/en\/produktas\/portalai\/","name":"Portalai - Metakortos.lt","isPartOf":{"@id":"https:\/\/metakortos.lt\/#website"},"primaryImageOfPage":{"@id":"https:\/\/metakortos.lt\/en\/produktas\/portalai\/#primaryimage"},"image":{"@id":"https:\/\/metakortos.lt\/en\/produktas\/portalai\/#primaryimage"},"thumbnailUrl":"https:\/\/metakortos.lt\/wp-content\/uploads\/2026\/03\/DIM_4111.jpg","datePublished":"2026-03-07T13:16:22+00:00","dateModified":"2026-03-29T12:43:54+00:00","breadcrumb":{"@id":"https:\/\/metakortos.lt\/en\/produktas\/portalai\/#breadcrumb"},"inLanguage":"ru-RU","potentialAction":[{"@type":"ReadAction","target":["https:\/\/metakortos.lt\/en\/produktas\/portalai\/"]}]},{"@type":"ImageObject","inLanguage":"ru-RU","@id":"https:\/\/metakortos.lt\/en\/produktas\/portalai\/#primaryimage","url":"https:\/\/metakortos.lt\/wp-content\/uploads\/2026\/03\/DIM_4111.jpg","contentUrl":"https:\/\/metakortos.lt\/wp-content\/uploads\/2026\/03\/DIM_4111.jpg","width":1757,"height":2343},{"@type":"BreadcrumbList","@id":"https:\/\/metakortos.lt\/en\/produktas\/portalai\/#breadcrumb","itemListElement":[{"@type":"ListItem","position":1,"name":"Home","item":"https:\/\/metakortos.lt\/"},{"@type":"ListItem","position":2,"name":"Parduotuv\u0117","item":"https:\/\/metakortos.lt\/parduotuve-2\/"},{"@type":"ListItem","position":3,"name":"Portalai"}]},{"@type":"WebSite","@id":"https:\/\/metakortos.lt\/#website","url":"https:\/\/metakortos.lt\/","name":"Metakortos.ru","description":"","publisher":{"@id":"https:\/\/metakortos.lt\/#organization"},"potentialAction":[{"@type":"SearchAction","target":{"@type":"EntryPoint","urlTemplate":"https:\/\/metakortos.lt\/?s={search_term_string}"},"query-input":{"@type":"PropertyValueSpecification","valueRequired":true,"valueName":"search_term_string"}}],"inLanguage":"ru-RU"},{"@type":"Organization","@id":"https:\/\/metakortos.lt\/#organization","name":"Metakortos.ru","url":"https:\/\/metakortos.lt\/","logo":{"@type":"ImageObject","inLanguage":"ru-RU","@id":"https:\/\/metakortos.lt\/#\/schema\/logo\/image\/","url":"https:\/\/metakortos.lt\/wp-content\/uploads\/2026\/02\/cropped-photo_2025-11-21_17-31-04-removebg-preview-removebg-preview.png","contentUrl":"https:\/\/metakortos.lt\/wp-content\/uploads\/2026\/02\/cropped-photo_2025-11-21_17-31-04-removebg-preview-removebg-preview.png","width":512,"height":512,"caption":"Metakortos.lt"},"image":{"@id":"https:\/\/metakortos.lt\/#\/schema\/logo\/image\/"}}]}},"_links":{"self":[{"href":"https:\/\/metakortos.lt\/ru\/wp-json\/wp\/v2\/product\/1997","targetHints":{"allow":["GET"]}}],"collection":[{"href":"https:\/\/metakortos.lt\/ru\/wp-json\/wp\/v2\/product"}],"about":[{"href":"https:\/\/metakortos.lt\/ru\/wp-json\/wp\/v2\/types\/product"}],"replies":[{"embeddable":true,"href":"https:\/\/metakortos.lt\/ru\/wp-json\/wp\/v2\/comments?post=1997"}],"version-history":[{"count":3,"href":"https:\/\/metakortos.lt\/ru\/wp-json\/wp\/v2\/product\/1997\/revisions"}],"predecessor-version":[{"id":2053,"href":"https:\/\/metakortos.lt\/ru\/wp-json\/wp\/v2\/product\/1997\/revisions\/2053"}],"wp:featuredmedia":[{"embeddable":true,"href":"https:\/\/metakortos.lt\/ru\/wp-json\/wp\/v2\/media\/1998"}],"wp:attachment":[{"href":"https:\/\/metakortos.lt\/ru\/wp-json\/wp\/v2\/media?parent=1997"}],"wp:term":[{"taxonomy":"product_brand","embeddable":true,"href":"https:\/\/metakortos.lt\/ru\/wp-json\/wp\/v2\/product_brand?post=1997"},{"taxonomy":"product_cat","embeddable":true,"href":"https:\/\/metakortos.lt\/ru\/wp-json\/wp\/v2\/product_cat?post=1997"},{"taxonomy":"product_tag","embeddable":true,"href":"https:\/\/metakortos.lt\/ru\/wp-json\/wp\/v2\/product_tag?post=1997"}],"curies":[{"name":"wp","href":"https:\/\/api.w.org\/{rel}","templated":true}]}}