{"id":1988,"date":"2026-03-07T13:11:40","date_gmt":"2026-03-07T13:11:40","guid":{"rendered":"https:\/\/metakortos.lt\/?post_type=product&#038;p=1988"},"modified":"2026-03-29T12:43:54","modified_gmt":"2026-03-29T12:43:54","slug":"alterego-kortos","status":"publish","type":"product","link":"https:\/\/metakortos.lt\/ru\/%d0%bf%d1%80%d0%be%d0%b4%d1%83%d0%ba%d1%82\/alterego-kortos\/","title":{"rendered":"AlterEgo \u043a\u0430\u0440\u0442\u044b"},"content":{"rendered":"<p>AlterEgo<\/p>\n<p>Tai yra kort\u0173 kalad\u0117, leid\u017eianti i\u0161spr\u0119sti bet koki\u0105 problem\u0105, susijusi\u0105 su santykiais, su savimi ir<\/p>\n<p>pasauliu.<\/p>\n<p>Meninink\u0117s Irinos Sukhikh nutapytos portretin\u0117s kortel\u0117s suteikia neribot\u0105 erdv\u0119 k\u016brybi\u0161kumui,<br \/>\nskatina k\u016brybi\u0161kum\u0105 ir naikina bendravimo ribas.<br \/>\nViena vertus, tai ne\u012fkainojama priemon\u0117, kita vertus, \u012ftraukiantis \u017eaidimas tiek suaugusiems,<br \/>\ntiek vaikams. \u017dvelgdami \u012f \u0161iuos portretus, tokius artimus, primenan\u010dius televizijos \u017evaig\u017edes, ta\u010diau<br \/>\nkartu tokius tolimus ir nepa\u017e\u012fstamus, pasineriame \u012f j\u0173 pasaul\u012f, jau\u010diame, k\u0105 jie galvoja ir jau\u010dia.<br \/>\nVaizduot\u0117s skrydis atskleid\u017eia, k\u0105 apie juos galvoja kiti, kaip jie jau\u010diasi patys, kaip elgiasi<br \/>\n\u012fvairiose gyvenimo situacijose, k\u0105 priima, o k\u0105 atmeta. Suteikdami laisv\u0119 savo vaizduotei, suvokiame<br \/>\nsavo ir kit\u0173 jausmus, tro\u0161kimus ir emocijas, suprantame savo elgesio prie\u017eastis ir prasm\u0119. \u0160iuose<br \/>\nportretuose galime pamatyti skirtingas savo puses, savo asmenyb\u0119, \u012fskaitant ir tas, \u012f kurias nenorime<br \/>\nmatyti.<br \/>\nPasinerdami \u012f \u017eaidim\u0105, persikeliame \u012f 3D \u017emoni\u0173 santyki\u0173 pasaul\u012f. Galime \u017eaisti ir dirbti su<br \/>\nlabai skirtingais \u017emon\u0117mis, tobulindami savo bendravimo \u012fg\u016bd\u017eius, mokydamiesi bendrauti ir priimti<br \/>\n\u017emones tokius, kokie jie yra.<\/p>\n<p>\u0421\u043e\u043b\u043e \u0438\u0433\u0440\u044b<\/p>\n<p>\u201eKas tai?\u201c \u201eAlterEgo\u201c kortel\u0117s u\u017everstos. I\u0161traukite vien\u0105 kortel\u0119 ir apra\u0161ykite j\u0105: veidas, emocijos,<br \/>\ncharakteris, asmenin\u0117s savyb\u0117s, \u0161eimynin\u0117 pad\u0117tis, u\u017esi\u0117mimas, vertybi\u0173 sistema, sav\u0119s vertinimas ir<br \/>\npana\u0161iai. Raskite pana\u0161um\u0173 su savimi ir kitais. Galite para\u0161yti istorij\u0105 pirmuoju asmeniu. Tam skirkite<br \/>\n10\u201315 minu\u010di\u0173; ra\u0161ykite greitai ir negalvodami. Neskaitykite to, k\u0105 para\u0161\u0117te, kol nebaigsite.<br \/>\nM\u016bs\u0173 pas\u0105mon\u0117 prisimena visk\u0105. Kurdami istorij\u0105, atveriate asociacij\u0173 sraut\u0105, susijus\u012f su paveiksl\u0117lyje<br \/>\nesan\u010dia vaizduote, pa\u017eadindami savo vaizduot\u0119. Pasirink\u0119 savo kortel\u0119 ir j\u0105 apra\u0161ydami, galite<br \/>\nsusidaryti holistin\u012f* savo paties vaizd\u0105. Viskas, kas pasakyta, atspindi vien\u0105 i\u0161 pasakotojo aspekt\u0173. \u0160is<br \/>\n\u017eaidimas leid\u017eia pa\u017evelgti \u012f save i\u0161 kitos pus\u0117s ir paleid\u017eia perm\u0105stymo proces\u0105.<br \/>\n\u201ePasikalb\u0117kime?\u201c Pasirinkite dvi \u201eAlterEgo\u201c korteles ir \u012fsivaizduokite j\u0173 pom\u0117gius, nem\u0117gstamus<br \/>\ndalykus, s\u0105veik\u0105 ir santykius. Lavindami savo vaizduot\u0119, lavinate savo ir kit\u0173 jausmus bei tro\u0161kimus.<br \/>\n\u0160is \u017eaidimas moko jus vesti produktyv\u0173 dialog\u0105.<br \/>\n\u201e\u012ekv\u0117pimas\u201c. \u201eAlterEgo\u201c korteles galite naudoti kaip atspirties ta\u0161k\u0105 pie\u0161dami ar ra\u0161ydami istorijas.<br \/>\nPie\u0161dami i\u0161 kortel\u0117je esan\u010dio paveiksl\u0117lio, i\u0161mokstate duoti laisv\u0119 savo vaizduotei.<br \/>\n\u201eMano \u0161eima\u201c. \u201eAlterEgo\u201c kortel\u0117s u\u017everstos. Pasirinkite korteles, vaizduojan\u010dias j\u016bs\u0173 \u0161eimos narius<br \/>\n(ma\u017e\u0105 \u0161eimos med\u012f). \u012esivaizduokite, kaip jie gal\u0117t\u0173 bendrauti tarpusavyje ir jausti vienas kitam<br \/>\nsimpatij\u0105.<br \/>\n\u0160is \u017eaidimas padeda pamatyti ir suprasti savo jausmus ir emocijas kit\u0173 \u0161eimos nari\u0173 at\u017evilgiu ir<br \/>\nsumodeliuoti konstruktyv\u0173 \u0161eimos dialog\u0105.<br \/>\n\u201eDialogas\u201c. Pasirinkite korteles, kurios atstovaut\u0173 \u017emones, kurie atliko svarb\u0173 vaidmen\u012f j\u016bs\u0173<br \/>\ngyvenime. Pavyzd\u017eiui, tai gali b\u016bti prie\u0161ingos lyties atstovai. Vaizdiniai neb\u016btinai turi b\u016bti pana\u0161\u016bs savo<\/p>\n<p>i\u0161vaizda, bet jie tur\u0117t\u0173 atspind\u0117ti j\u0173 vidines savybes. Pasirinkite vien\u0105 kortel\u0119, kuri atstovaut\u0173 jus. K\u0105<br \/>\n\u0161ie \u017emon\u0117s turi pasakyti jums ir vienas kitam, ir k\u0105 j\u016bs nor\u0117tum\u0117te jiems pasakyti?<br \/>\n\u017daisdami \u201eDialog\u0105\u201c, praple\u010diate savo po\u017ei\u016br\u012f \u012f apra\u0161omus santykius, galite \u012fvertinti savo subjektyv\u0173<br \/>\nmatym\u0105 ir sumodeliuoti kitok\u012f elgesio model\u012f.<\/p>\n<p>\u0418\u0433\u0440\u044b \u0434\u043b\u044f 2 \u0438\u043b\u0438 \u0431\u043e\u043b\u0435\u0435 \u0438\u0433\u0440\u043e\u043a\u043e\u0432<\/p>\n<p>\u201eMetamorfoz\u0117s\u201c. Kiekvienas \u017eaid\u0117jas nematydamas traukia dvi kortas. J\u0173 traukiam\u0173 kort\u0173 negalima<br \/>\nrodyti kitiems \u017eaid\u0117jams. Visos likusios kortos lieka u\u017everstos kalad\u0117je. \u017daid\u0117jai paeiliui traukia tre\u010di\u0105<br \/>\nkort\u0105 i\u0161 kalad\u0117s. Kiekvienas \u017eaid\u0117jas atver\u010dia po vien\u0105 kort\u0105 ir padeda j\u0105 \u0161alia kalad\u0117s. \u017daidimas t\u0119siasi<br \/>\ntol, kol kiekvienas \u017eaid\u0117jas turi dvi kortas, kurios, j\u0173 manymu, vaizduoja t\u0105 pat\u012f asmen\u012f skirtingame<br \/>\nam\u017eiuje. \u017daid\u0117jai atver\u010dia savo kortas ir apib\u016bdina jose pavaizduoto asmens am\u017ei\u0173, bei kokie poky\u010diai<br \/>\n\u012fvyko jo gyvenime.<br \/>\n\u017daid\u0117jas pas\u0105moningai susieja pasirinkt\u0105 vaizd\u0105 su savimi, o tai rei\u0161kia, kad \u0161is \u017eaidimas leid\u017eia jam<br \/>\nanalizuoti \u012fvykusius (arba pageidaujamus) poky\u010dius.<br \/>\n\u201eDuetas\u201c. Kiekvienas \u017eaid\u0117jas gauna arba traukia dvi kortas ir laiko jas u\u017everstas. Kiekviename i\u0161<br \/>\nm\u016bs\u0173 gali pabusti keli persona\u017eai (vaidmenys). Da\u017enai j\u0173 nesuvokiame, ta\u010diau jie daro mums didel\u0119<br \/>\n\u012ftak\u0105. I\u0161dalinus kortas, \u017eaid\u0117jai paeiliui atidengia savo dvi kortas, \u012fvardija galimas persona\u017eus, kuriuos<br \/>\njie reprezentuoja (pavyzd\u017eiui, karjeristas ir r\u016bpestinga mama), ir apib\u016bdina j\u0173 tarpusavio santykius.<br \/>\n\u017daidimas padeda atpa\u017einti, kurie persona\u017eai yra jumyse, tod\u0117l jiems sunkiau bus jus paveikti.<br \/>\n\u201eKaimynai\u201c. \u017daid\u0117jai paeiliui traukia vir\u0161utin\u0119 kort\u0105 i\u0161 kalad\u0117s ir apib\u016bdina j\u0105 kaip asmen\u012f i\u0161 savo rato<br \/>\nsu visomis jo savyb\u0117mis ir santykiu su juo. \u017daidimas \u201eKaimynai\u201c padeda vizualizuoti bet kokius<br \/>\ntarpasmeninius santykius.<\/p>\n<p>\u0418\u0433\u0440\u044b \u0434\u043b\u044f 4 \u0438 \u0431\u043e\u043b\u0435\u0435 \u0438\u0433\u0440\u043e\u043a\u043e\u0432<\/p>\n<p>\u201eSusitikimas\u201c.<br \/>\n\u201eSusitikimas\u201c. Kiekvienas \u017eaid\u0117jas i\u0161 kalad\u0117s traukia 4\u20135 kortas arba gauna vien\u0105 i\u0161 dalintojo ir<br \/>\npasirenka t\u0105, kuri\u0105 naudos \u017eaidime. \u017daid\u0117jai paeiliui atver\u010dia po vien\u0105 kort\u0105, apib\u016bdindami ant jos<br \/>\npavaizduot\u0105 veik\u0117j\u0105: jo vard\u0105, kilm\u0117s \u0161al\u012f arba kult\u016br\u0105. Naudodami kortas, \u017eaid\u0117jai vaizduoja \u017emoni\u0173<br \/>\ngrup\u0119, kuri atsitiktinai susitiko, pavyzd\u017eiui, vie\u0161butyje. \u017daid\u0117jai paeiliui u\u017emezga dialog\u0105 tarpusavyje,<br \/>\naptardami savo veik\u0117j\u0173 l\u016bkes\u010dius ir planus, savo \u0161al\u012f ir jos kult\u016br\u0105. \u0160is \u017eaidimas padeda prapl\u0117sti akirat\u012f<br \/>\nir geriau suprasti kit\u0173 taut\u0173 kult\u016br\u0105 bei papro\u010dius.<br \/>\n\u201eKeturios savyb\u0117s\u201c. Kiekvienas \u017eaid\u0117jas i\u0161 kalad\u0117s traukia 4 kortas. \u017daid\u0117jai paeiliui atver\u010dia savo<br \/>\nkortas ir apib\u016bdina asmens asmenyb\u0119, kuriai b\u016bdingos individualios savyb\u0117s, pavaizduotos kiekvienoje<br \/>\ni\u0161 4 kort\u0173. Pavyzd\u017eiui, pirmoji korta atspindi jo i\u0161vaizd\u0105, antroji \u2013 emocin\u0119 b\u016bsen\u0105, tre\u010dioji \u2013 intelekt\u0105,<br \/>\no ketvirtoji \u2013 socialines savybes. \u017daid\u0117jas taip pat gali sukurti istorij\u0105 apie tai, kaip visos \u0161ios savyb\u0117s<br \/>\ns\u0105veikauja tarpusavyje.<br \/>\n\u201eBiografija\u201c. Per\u017evelkite kort\u0173 kalad\u0119. Spontani\u0161kai, intuityviai, pasirinkite 5 kortas, kurios leis jums<br \/>\n\u012fsivaizduoti save kaip vaik\u0105, paaugl\u012f, jaunuol\u012f (mergin\u0105), suaugus\u012f ar pagyvenus\u012f \u017emog\u0173. Sukurkite<\/p>\n<p>pokalb\u012f tarp j\u0173. \u017daidimas padeda pamatyti ir suprasti \u012fvairi\u0173 m\u016bs\u0173 asmenyb\u0117s aspekt\u0173 poky\u010dius ir<br \/>\npasirei\u0161kimus skirtingame am\u017eiuje.<br \/>\n\u201eAlterEgo\u201c kalad\u0117 gali b\u016bti naudojama ne tik \u017eaidimui, bet ir kaip efektyvi darbo priemon\u0117<br \/>\n\u012fvairioms profesin\u0117ms veikloms.<br \/>\nPortals \u2013 unikali kalad\u0117 su daugiau nei \u0161imtu pritaikym\u0173. Abstrakt\u016bs vaizdai padeda pamatyti<br \/>\nsavo vidin\u012f pasaul\u012f.<br \/>\nEmotions \u2013 \u017eod\u017ei\u0173 ir vaizd\u0173 derinys suteikia prieig\u0105 prie gili\u0173 j\u016bs\u0173 gyvenimo \u012fvyki\u0173 prie\u017eas\u010di\u0173 ir<br \/>\nj\u016bs\u0173 reakcij\u0173 \u012f juos.<br \/>\nCat Motions \u2013 kortos su ne\u012fprastais ka\u010di\u0173 atvaizdais leid\u017eia pasiekti daugyb\u0119 j\u016bs\u0173 emocinio<br \/>\npasaulio atspalvi\u0173.<br \/>\n\u201eHappy Cat\u201c \u2013 \u0432\u0430\u0448 \u0440\u0435\u0441\u0443\u0440\u0441\u043e\u0432 kalad\u0117, \u043f\u043e\u0437\u0432\u043e\u043b\u044f\u0435\u0442 \u043d\u0430\u0439\u0442\u0438 \u0441\u0438\u043b\u044b \u0438 \u0440\u0435\u0448\u0435\u043d\u0438\u0439 \u0432 \u043b\u044e\u0431\u043e\u0439 \u0441\u0438\u0442\u0443\u0430\u0446\u0438\u0438.<br \/>\n\u201eArchetypes\u201c \u2013 kalad\u0117, leid\u017eianti kontroliuoti ir \u012ftakoti lemtingiems sprendimams, pakilti \u012f nauj\u0105<br \/>\nsavo galios lyg\u012f ir harmoningai j\u012f panaudoti.<br \/>\n\u201eTotems\u201c \u2013 kalad\u0117, leid\u017eianti susisiekti su savo prigimtine esme ir i\u0161mokti harmoningai<br \/>\npanaudoti \u0161ias senovines j\u0117gas savo gyvenime.<br \/>\nHolistinis &#8211; susij\u0119s su visuma, o ne jos dalimis; (alternatyviojoje) medicinoje \u2013 gydymas, orientuotas \u012f<br \/>\nk\u016bno, proto, jausm\u0173 ir aplinkos s\u0105veik\u0105, o ne vien \u012f ligos simptomus.<br \/>\n\u2022 Metaforini\u0173 kort\u0173 kalad\u0117s.<br \/>\n\u2022 Kursai ir mokymai, kaip dirbti su kortomis.<br \/>\nGintaut\u0173 paramos ir labdaros fonfo internetin\u0117 parduotuv\u0117<\/p>\n<p>metakortos.lt<\/p>","protected":false},"excerpt":{"rendered":"<p data-start=\"99\" data-end=\"130\"><strong data-start=\"99\" data-end=\"130\">AlterEgo metaforin\u0117s kortos<\/strong><\/p>\n<p data-start=\"132\" data-end=\"401\">\u201eAlterEgo\u201c \u2013 tai metaforini\u0173 kort\u0173 kalad\u0117, skirta sav\u0119s pa\u017einimui, santyki\u0173 supratimui ir k\u016brybinei refleksijai. Meninink\u0117s <strong data-start=\"256\" data-end=\"274\">Irinos Sukhikh<\/strong> sukurti portretiniai vaizdai skatina vaizduot\u0119, padeda atskleisti emocijas, vidinius vaidmenis ir \u017emogaus santyk\u012f su pasauliu.<\/p>\n<p data-start=\"403\" data-end=\"601\">Kortos gali b\u016bti naudojamos saviugdai, psichologiniam darbui, kou\u010dingui, k\u016brybiniams u\u017esi\u0117mimams ar \u017eaidimams. Jos tinka tiek individualiam naudojimui, tiek darbui grup\u0117se su suaugusiais ar vaikais.<\/p>\n<p data-start=\"603\" data-end=\"720\">Naudojant kortas galima kurti istorijas, tyrin\u0117ti savo emocijas, analizuoti santykius ir lavinti bendravimo \u012fg\u016bd\u017eius.<\/p>","protected":false},"featured_media":1989,"comment_status":"open","ping_status":"closed","template":"","meta":[],"product_brand":[],"product_cat":[16],"product_tag":[],"class_list":{"0":"post-1988","1":"product","2":"type-product","3":"status-publish","4":"has-post-thumbnail","6":"product_cat-metakortos","8":"first","9":"instock","10":"shipping-taxable","11":"purchasable","12":"product-type-simple"},"yoast_head":"<!-- This site is optimized with the Yoast SEO plugin v27.0 - https:\/\/yoast.com\/product\/yoast-seo-wordpress\/ -->\n<title>AlterEgo kortos - Metakortos.lt<\/title>\n<meta name=\"robots\" content=\"index, follow, max-snippet:-1, max-image-preview:large, max-video-preview:-1\" \/>\n<link rel=\"canonical\" href=\"https:\/\/metakortos.lt\/ru\/\u043f\u0440\u043e\u0434\u0443\u043a\u0442\/alterego-kortos\/\" \/>\n<meta property=\"og:locale\" content=\"ru_RU\" \/>\n<meta property=\"og:type\" content=\"article\" \/>\n<meta property=\"og:title\" content=\"AlterEgo kortos - Metakortos.lt\" \/>\n<meta property=\"og:description\" content=\"AlterEgo metaforin\u0117s kortos \u201eAlterEgo\u201c \u2013 tai metaforini\u0173 kort\u0173 kalad\u0117, skirta sav\u0119s pa\u017einimui, santyki\u0173 supratimui ir k\u016brybinei refleksi\" \/>\n<meta property=\"og:url\" content=\"https:\/\/metakortos.lt\/ru\/\u043f\u0440\u043e\u0434\u0443\u043a\u0442\/alterego-kortos\/\" \/>\n<meta property=\"og:site_name\" content=\"Metakortos.lt\" \/>\n<meta property=\"article:modified_time\" content=\"2026-03-29T12:43:54+00:00\" \/>\n<meta property=\"og:image\" content=\"https:\/\/metakortos.lt\/wp-content\/uploads\/2026\/03\/DIM_4113.jpg\" \/>\n\t<meta property=\"og:image:width\" content=\"1748\" \/>\n\t<meta property=\"og:image:height\" content=\"2330\" \/>\n\t<meta property=\"og:image:type\" content=\"image\/jpeg\" \/>\n<meta name=\"twitter:card\" content=\"summary_large_image\" \/>\n<meta name=\"twitter:label1\" content=\"\u041f\u0440\u0438\u043c\u0435\u0440\u043d\u043e\u0435 \u0432\u0440\u0435\u043c\u044f \u0434\u043b\u044f \u0447\u0442\u0435\u043d\u0438\u044f\" \/>\n\t<meta name=\"twitter:data1\" content=\"6 \u043c\u0438\u043d\u0443\u0442\" \/>\n<script type=\"application\/ld+json\" class=\"yoast-schema-graph\">{\"@context\":\"https:\/\/schema.org\",\"@graph\":[{\"@type\":\"WebPage\",\"@id\":\"https:\/\/metakortos.lt\/produktas\/alterego-kortos\/\",\"url\":\"https:\/\/metakortos.lt\/produktas\/alterego-kortos\/\",\"name\":\"AlterEgo kortos - Metakortos.lt\",\"isPartOf\":{\"@id\":\"https:\/\/metakortos.lt\/#website\"},\"primaryImageOfPage\":{\"@id\":\"https:\/\/metakortos.lt\/produktas\/alterego-kortos\/#primaryimage\"},\"image\":{\"@id\":\"https:\/\/metakortos.lt\/produktas\/alterego-kortos\/#primaryimage\"},\"thumbnailUrl\":\"https:\/\/metakortos.lt\/wp-content\/uploads\/2026\/03\/DIM_4113.jpg\",\"datePublished\":\"2026-03-07T13:11:40+00:00\",\"dateModified\":\"2026-03-29T12:43:54+00:00\",\"breadcrumb\":{\"@id\":\"https:\/\/metakortos.lt\/produktas\/alterego-kortos\/#breadcrumb\"},\"inLanguage\":\"ru-RU\",\"potentialAction\":[{\"@type\":\"ReadAction\",\"target\":[\"https:\/\/metakortos.lt\/produktas\/alterego-kortos\/\"]}]},{\"@type\":\"ImageObject\",\"inLanguage\":\"ru-RU\",\"@id\":\"https:\/\/metakortos.lt\/produktas\/alterego-kortos\/#primaryimage\",\"url\":\"https:\/\/metakortos.lt\/wp-content\/uploads\/2026\/03\/DIM_4113.jpg\",\"contentUrl\":\"https:\/\/metakortos.lt\/wp-content\/uploads\/2026\/03\/DIM_4113.jpg\",\"width\":1748,\"height\":2330},{\"@type\":\"BreadcrumbList\",\"@id\":\"https:\/\/metakortos.lt\/produktas\/alterego-kortos\/#breadcrumb\",\"itemListElement\":[{\"@type\":\"ListItem\",\"position\":1,\"name\":\"Home\",\"item\":\"https:\/\/metakortos.lt\/\"},{\"@type\":\"ListItem\",\"position\":2,\"name\":\"Parduotuv\u0117\",\"item\":\"https:\/\/metakortos.lt\/parduotuve-2\/\"},{\"@type\":\"ListItem\",\"position\":3,\"name\":\"AlterEgo kortos\"}]},{\"@type\":\"WebSite\",\"@id\":\"https:\/\/metakortos.lt\/#website\",\"url\":\"https:\/\/metakortos.lt\/\",\"name\":\"Metakortos.lt\",\"description\":\"\",\"publisher\":{\"@id\":\"https:\/\/metakortos.lt\/#organization\"},\"potentialAction\":[{\"@type\":\"SearchAction\",\"target\":{\"@type\":\"EntryPoint\",\"urlTemplate\":\"https:\/\/metakortos.lt\/?s={search_term_string}\"},\"query-input\":{\"@type\":\"PropertyValueSpecification\",\"valueRequired\":true,\"valueName\":\"search_term_string\"}}],\"inLanguage\":\"ru-RU\"},{\"@type\":\"Organization\",\"@id\":\"https:\/\/metakortos.lt\/#organization\",\"name\":\"Metakortos.lt\",\"url\":\"https:\/\/metakortos.lt\/\",\"logo\":{\"@type\":\"ImageObject\",\"inLanguage\":\"ru-RU\",\"@id\":\"https:\/\/metakortos.lt\/#\/schema\/logo\/image\/\",\"url\":\"https:\/\/metakortos.lt\/wp-content\/uploads\/2026\/02\/cropped-photo_2025-11-21_17-31-04-removebg-preview-removebg-preview.png\",\"contentUrl\":\"https:\/\/metakortos.lt\/wp-content\/uploads\/2026\/02\/cropped-photo_2025-11-21_17-31-04-removebg-preview-removebg-preview.png\",\"width\":512,\"height\":512,\"caption\":\"Metakortos.lt\"},\"image\":{\"@id\":\"https:\/\/metakortos.lt\/#\/schema\/logo\/image\/\"}}]}<\/script>\n<!-- \/ Yoast SEO plugin. -->","yoast_head_json":{"title":"AlterEgo kortos - Metakortos.lt","robots":{"index":"index","follow":"follow","max-snippet":"max-snippet:-1","max-image-preview":"max-image-preview:large","max-video-preview":"max-video-preview:-1"},"canonical":"https:\/\/metakortos.lt\/ru\/\u043f\u0440\u043e\u0434\u0443\u043a\u0442\/alterego-kortos\/","og_locale":"ru_RU","og_type":"article","og_title":"AlterEgo kortos - Metakortos.lt","og_description":"AlterEgo metaforin\u0117s kortos \u201eAlterEgo\u201c \u2013 tai metaforini\u0173 kort\u0173 kalad\u0117, skirta sav\u0119s pa\u017einimui, santyki\u0173 supratimui ir k\u016brybinei refleksi","og_url":"https:\/\/metakortos.lt\/ru\/\u043f\u0440\u043e\u0434\u0443\u043a\u0442\/alterego-kortos\/","og_site_name":"Metakortos.lt","article_modified_time":"2026-03-29T12:43:54+00:00","og_image":[{"width":1748,"height":2330,"url":"https:\/\/metakortos.lt\/wp-content\/uploads\/2026\/03\/DIM_4113.jpg","type":"image\/jpeg"}],"twitter_card":"summary_large_image","twitter_misc":{"\u041f\u0440\u0438\u043c\u0435\u0440\u043d\u043e\u0435 \u0432\u0440\u0435\u043c\u044f \u0434\u043b\u044f \u0447\u0442\u0435\u043d\u0438\u044f":"6 \u043c\u0438\u043d\u0443\u0442"},"schema":{"@context":"https:\/\/schema.org","@graph":[{"@type":"WebPage","@id":"https:\/\/metakortos.lt\/produktas\/alterego-kortos\/","url":"https:\/\/metakortos.lt\/produktas\/alterego-kortos\/","name":"AlterEgo kortos - Metakortos.lt","isPartOf":{"@id":"https:\/\/metakortos.lt\/#website"},"primaryImageOfPage":{"@id":"https:\/\/metakortos.lt\/produktas\/alterego-kortos\/#primaryimage"},"image":{"@id":"https:\/\/metakortos.lt\/produktas\/alterego-kortos\/#primaryimage"},"thumbnailUrl":"https:\/\/metakortos.lt\/wp-content\/uploads\/2026\/03\/DIM_4113.jpg","datePublished":"2026-03-07T13:11:40+00:00","dateModified":"2026-03-29T12:43:54+00:00","breadcrumb":{"@id":"https:\/\/metakortos.lt\/produktas\/alterego-kortos\/#breadcrumb"},"inLanguage":"ru-RU","potentialAction":[{"@type":"ReadAction","target":["https:\/\/metakortos.lt\/produktas\/alterego-kortos\/"]}]},{"@type":"ImageObject","inLanguage":"ru-RU","@id":"https:\/\/metakortos.lt\/produktas\/alterego-kortos\/#primaryimage","url":"https:\/\/metakortos.lt\/wp-content\/uploads\/2026\/03\/DIM_4113.jpg","contentUrl":"https:\/\/metakortos.lt\/wp-content\/uploads\/2026\/03\/DIM_4113.jpg","width":1748,"height":2330},{"@type":"BreadcrumbList","@id":"https:\/\/metakortos.lt\/produktas\/alterego-kortos\/#breadcrumb","itemListElement":[{"@type":"ListItem","position":1,"name":"Home","item":"https:\/\/metakortos.lt\/"},{"@type":"ListItem","position":2,"name":"Parduotuv\u0117","item":"https:\/\/metakortos.lt\/parduotuve-2\/"},{"@type":"ListItem","position":3,"name":"AlterEgo kortos"}]},{"@type":"WebSite","@id":"https:\/\/metakortos.lt\/#website","url":"https:\/\/metakortos.lt\/","name":"Metakortos.ru","description":"","publisher":{"@id":"https:\/\/metakortos.lt\/#organization"},"potentialAction":[{"@type":"SearchAction","target":{"@type":"EntryPoint","urlTemplate":"https:\/\/metakortos.lt\/?s={search_term_string}"},"query-input":{"@type":"PropertyValueSpecification","valueRequired":true,"valueName":"search_term_string"}}],"inLanguage":"ru-RU"},{"@type":"Organization","@id":"https:\/\/metakortos.lt\/#organization","name":"Metakortos.ru","url":"https:\/\/metakortos.lt\/","logo":{"@type":"ImageObject","inLanguage":"ru-RU","@id":"https:\/\/metakortos.lt\/#\/schema\/logo\/image\/","url":"https:\/\/metakortos.lt\/wp-content\/uploads\/2026\/02\/cropped-photo_2025-11-21_17-31-04-removebg-preview-removebg-preview.png","contentUrl":"https:\/\/metakortos.lt\/wp-content\/uploads\/2026\/02\/cropped-photo_2025-11-21_17-31-04-removebg-preview-removebg-preview.png","width":512,"height":512,"caption":"Metakortos.lt"},"image":{"@id":"https:\/\/metakortos.lt\/#\/schema\/logo\/image\/"}}]}},"_links":{"self":[{"href":"https:\/\/metakortos.lt\/ru\/wp-json\/wp\/v2\/product\/1988","targetHints":{"allow":["GET"]}}],"collection":[{"href":"https:\/\/metakortos.lt\/ru\/wp-json\/wp\/v2\/product"}],"about":[{"href":"https:\/\/metakortos.lt\/ru\/wp-json\/wp\/v2\/types\/product"}],"replies":[{"embeddable":true,"href":"https:\/\/metakortos.lt\/ru\/wp-json\/wp\/v2\/comments?post=1988"}],"version-history":[{"count":2,"href":"https:\/\/metakortos.lt\/ru\/wp-json\/wp\/v2\/product\/1988\/revisions"}],"predecessor-version":[{"id":2002,"href":"https:\/\/metakortos.lt\/ru\/wp-json\/wp\/v2\/product\/1988\/revisions\/2002"}],"wp:featuredmedia":[{"embeddable":true,"href":"https:\/\/metakortos.lt\/ru\/wp-json\/wp\/v2\/media\/1989"}],"wp:attachment":[{"href":"https:\/\/metakortos.lt\/ru\/wp-json\/wp\/v2\/media?parent=1988"}],"wp:term":[{"taxonomy":"product_brand","embeddable":true,"href":"https:\/\/metakortos.lt\/ru\/wp-json\/wp\/v2\/product_brand?post=1988"},{"taxonomy":"product_cat","embeddable":true,"href":"https:\/\/metakortos.lt\/ru\/wp-json\/wp\/v2\/product_cat?post=1988"},{"taxonomy":"product_tag","embeddable":true,"href":"https:\/\/metakortos.lt\/ru\/wp-json\/wp\/v2\/product_tag?post=1988"}],"curies":[{"name":"wp","href":"https:\/\/api.w.org\/{rel}","templated":true}]}}