{"id":131,"date":"2026-01-08T16:48:00","date_gmt":"2026-01-08T16:48:00","guid":{"rendered":"https:\/\/metakortos.lt\/?post_type=product&#038;p=131"},"modified":"2026-03-29T12:43:55","modified_gmt":"2026-03-29T12:43:55","slug":"metakortos-1","status":"publish","type":"product","link":"https:\/\/metakortos.lt\/ru\/%d0%bf%d1%80%d0%be%d0%b4%d1%83%d0%ba%d1%82\/metakortos-1\/","title":{"rendered":"CatMotions \u2014 \u043b\u0443\u0447\u0448\u0438\u0439 \u0432\u044b\u0431\u043e\u0440 \u0434\u043b\u044f \u0434\u0435\u0442\u0435\u0439."},"content":{"rendered":"<div data-elementor-type=\"product-post\" data-elementor-id=\"131\" class=\"elementor elementor-131\" data-elementor-post-type=\"product\">\n\t\t\t\t<div class=\"elementor-element elementor-element-619d7d93 e-flex e-con-boxed e-con e-parent\" data-id=\"619d7d93\" data-element_type=\"container\">\n\t\t\t\t\t<div class=\"e-con-inner\">\n\t\t\t\t<div class=\"elementor-element elementor-element-33d1a83a elementor-widget elementor-widget-text-editor\" data-id=\"33d1a83a\" data-element_type=\"widget\" data-widget_type=\"text-editor.default\">\n\t\t\t\t\t\t\t\t\t<div class=\"woocommerce-tabs wc-tabs-wrapper\"><div id=\"tab-description\" class=\"woocommerce-Tabs-panel woocommerce-Tabs-panel--description panel entry-content wc-tab\" role=\"tabpanel\" aria-labelledby=\"tab-title-description\"><p align=\"center\">\u201eCatMotions\u201c<\/p><p align=\"center\">\u041a\u043e\u043b\u043e\u0434\u0430 \u043a\u0430\u0440\u0442 \u0441 \u043d\u0435\u043e\u0431\u044b\u0447\u043d\u044b\u043c\u0438 \u0438\u0437\u043e\u0431\u0440\u0430\u0436\u0435\u043d\u0438\u044f\u043c\u0438 \u043a\u043e\u0448\u0435\u043a, \u043a\u043e\u0442\u043e\u0440\u0430\u044f \u043e\u0442\u043a\u0440\u043e\u0435\u0442 \u0432\u0430\u043c \u0434\u043e\u0441\u0442\u0443\u043f \u043a \u043c\u043d\u043e\u0436\u0435\u0441\u0442\u0432\u0443 \u043d\u044e\u0430\u043d\u0441\u043e\u0432 \u043c\u043d\u043e\u0433\u043e\u0433\u0440\u0430\u043d\u043d\u043e\u0433\u043e \u044d\u043c\u043e\u0446\u0438\u043e\u043d\u0430\u043b\u044c\u043d\u043e\u0433\u043e \u043c\u0438\u0440\u0430 \u0432\u0430\u0448\u0438\u0445 \u0434\u0435\u0442\u0435\u0439.<\/p><p>\u041c\u0435\u0442\u0430\u0444\u043e\u0440\u0438\u0447\u0435\u0441\u043a\u0438\u0435 \u043a\u0430\u0440\u0442\u043e\u0447\u043a\u0438 CatMotions \u2014 \u044d\u0442\u043e \u044d\u0444\u0444\u0435\u043a\u0442\u0438\u0432\u043d\u044b\u0439 \u0438\u043d\u0441\u0442\u0440\u0443\u043c\u0435\u043d\u0442, \u043a\u043e\u0442\u043e\u0440\u044b\u0439 \u043c\u043e\u0436\u0435\u0442 \u0431\u044b\u0442\u044c \u043f\u043e\u043b\u0435\u0437\u0435\u043d \u043a\u0430\u043a \u043f\u0440\u043e\u0444\u0435\u0441\u0441\u0438\u043e\u043d\u0430\u043b\u044c\u043d\u043e\u043c\u0443 \u043f\u0441\u0438\u0445\u043e\u043b\u043e\u0433\u0443, \u0442\u0430\u043a \u0438 \u043b\u044e\u0431\u043e\u043c\u0443 \u0434\u0440\u0443\u0433\u043e\u043c\u0443 \u0447\u0435\u043b\u043e\u0432\u0435\u043a\u0443.\u00a0<span lang=\"lt-LT\">\u017e<\/span>mogui.<\/p><p>\u00ab\u0418\u0434\u0435\u044f \u0441\u043e\u0437\u0434\u0430\u043d\u0438\u044f \u0442\u0430\u043a\u043e\u0439 \u043a\u043e\u043b\u043e\u0434\u044b \u043a\u0430\u0440\u0442 \u0432\u043e\u0437\u043d\u0438\u043a\u043b\u0430 \u043f\u043e\u0442\u043e\u043c\u0443, \u0447\u0442\u043e \u0434\u043b\u044f \u043c\u043d\u043e\u0433\u0438\u0445 \u0438\u0437 \u043d\u0430\u0441 \u043a\u043e\u0448\u043a\u0438 \u2014 \u044d\u0442\u043e \u0447\u0443\u0434\u0435\u0441\u043d\u044b\u0435 \u0441\u0443\u0449\u0435\u0441\u0442\u0432\u0430 \u0441 \u043d\u0435\u043e\u0431\u044b\u0447\u0430\u0439\u043d\u044b\u043c\u0438 \u043f\u0440\u0438\u0432\u044b\u0447\u043a\u0430\u043c\u0438, \u0437\u0430 \u043a\u043e\u0442\u043e\u0440\u044b\u043c\u0438 \u0438\u043d\u0442\u0435\u0440\u0435\u0441\u043d\u043e \u043d\u0430\u0431\u043b\u044e\u0434\u0430\u0442\u044c. \u0412 \u0434\u0435\u0442\u0441\u0442\u0432\u0435 \u0438\u0445, \u043d\u0430\u0432\u0435\u0440\u043d\u043e\u0435, \u0432\u0441\u0435 \u043b\u044e\u0431\u0438\u043b\u0438\u00bb.<span lang=\"lt-LT\">ome<\/span>\u00a0su jomis \u017eaisti ir band<span lang=\"lt-LT\">\u0117me<\/span>\u00a0m\u0117gd\u017eioti j\u0173 elges\u012f.<\/p><p>\u041e\u0434\u043d\u0430\u043a\u043e \u0434\u043b\u044f \u0441\u043e\u0437\u0434\u0430\u043d\u0438\u044f \u0442\u0430\u043a\u0438\u0445 \u043e\u0442\u043a\u0440\u044b\u0442\u043e\u043a \u0445\u0443\u0434\u043e\u0436\u043d\u0438\u043a \u0434\u043e\u043b\u0436\u0435\u043d \u0445\u043e\u0440\u043e\u0448\u043e \u0440\u0430\u0437\u0431\u0438\u0440\u0430\u0442\u044c\u0441\u044f \u0432 \u0442\u0435\u043c\u0435.\u00a0<span lang=\"lt-LT\">\u041d\u0435\u0432\u0435\u0440\u043e\u044f\u0442\u043d\u043e, \u043d\u043e\u00a0<\/span>\u0421\u0443\u0434\u044c\u0431\u0430 \u0441\u0432\u0435\u043b\u0430 \u043c\u0435\u043d\u044f \u0441 \u0442\u0430\u043a\u0438\u043c \u0447\u0435\u043b\u043e\u0432\u0435\u043a\u043e\u043c \u2013 \u041d\u0438\u043a\u043e\u0439 \u042d\u0440 (\u0410. \u0412. \u0410\u0441\u0430\u0434\u0443\u043b\u043b\u0438\u043d\u043e\u0439), \u0438 \u043f\u043e\u0441\u0442\u0435\u043f\u0435\u043d\u043d\u043e, \u0431\u043b\u0430\u0433\u043e\u0434\u0430\u0440\u044f \u043d\u0430\u0448\u0438\u043c \u0441\u043e\u0432\u043c\u0435\u0441\u0442\u043d\u044b\u043c \u0443\u0441\u0438\u043b\u0438\u044f\u043c, \u0431\u044b\u043b\u0438 \u0441\u043e\u0437\u0434\u0430\u043d\u044b \u043e\u0442\u043a\u0440\u044b\u0442\u043a\u0438 \u00abCatMotions\u00bb.\u00a0<span lang=\"lt-LT\">\u044d\u0442\u043e\u0442\u00a0<\/span>\u0412\u0441\u044f \u043a\u043e\u043c\u0430\u043d\u0434\u0430 \u0440\u0430\u0431\u043e\u0442\u0430\u043b\u0430 \u043d\u0430\u0434 \u043f\u0440\u043e\u0435\u043a\u0442\u043e\u043c, \u0437\u0430 \u0447\u0442\u043e \u043e\u0441\u043e\u0431\u0430\u044f \u0431\u043b\u0430\u0433\u043e\u0434\u0430\u0440\u043d\u043e\u0441\u0442\u044c \u0432\u044b\u0440\u0430\u0436\u0430\u0435\u0442\u0441\u044f \u0421. \u0412. \u0424\u0438\u043b\u0438\u043f\u043f\u043e\u0432\u043e\u0439, \u0415. \u0412. \u041d\u043e\u0447\u0435\u0432\u043e\u0439 \u0438 \u0415. \u0421. \u0410\u0441\u0430\u0434\u0443\u043b\u043b\u0438\u043d\u0443.<\/p><p>\u0420\u0435\u0434\u0430\u043a\u0442\u043e\u0440 \u043f\u0440\u043e\u0435\u043a\u0442\u0430: \u041e. \u0414\u0436. \u0421\u043e\u043a\u043e\u043b\u043e\u0432<\/p><p>CatMotions \u2014 \u044d\u0442\u043e \u0447\u0442\u043e-\u0442\u043e \u043d\u043e\u0432\u043e\u0435, \u043e\u0440\u0438\u0433\u0438\u043d\u0430\u043b\u044c\u043d\u043e\u0435, \u043c\u0435\u0442\u0430\u0444\u043e\u0440\u0438\u0447\u0435\u0441\u043a\u043e\u0435.\u00a0<span lang=\"lt-LT\">\u0438<\/span>\u00a0<span lang=\"lt-LT\">\u0441\u00a0<\/span>asocia<span lang=\"lt-LT\">\u0430\u0441\u0441\u043e\u0446\u0438\u0430\u0446\u0438\u0438<\/span>\u00a0kortos, vaizduojan\u010dios \u012fvairias emocines b\u016bsenas, \u012fk\u016bnytas ne\u012fprastais ka\u010di\u0173 atvaizdais.<\/p><p>\u041c\u0435\u0442\u0430\u0444\u043e\u0440\u0438\u0447\u0435\u0441\u043a\u0438\u0435 \u043e\u0431\u0440\u0430\u0437\u044b \u043a\u043e\u0448\u0435\u043a \u0441\u043e\u0437\u0434\u0430\u044e\u0442 \u0447\u0443\u0432\u0441\u0442\u0432\u043e \u0431\u0435\u0437\u043e\u043f\u0430\u0441\u043d\u043e\u0441\u0442\u0438 \u0438\u00a0<span lang=\"lt-LT\">\u0441\u0443\u0449\u0435\u0441\u0442\u0432\u0435\u043d\u043d\u043e<\/span>\u00a0\u0441\u043d\u0438\u0436\u0430\u0435\u0442 \u0443\u0440\u043e\u0432\u0435\u043d\u044c \u043a\u043e\u043d\u0442\u0440\u043e\u043b\u044f \u043d\u0430\u0434 \u043d\u0430\u0448\u0438\u043c \u0441\u043e\u0437\u043d\u0430\u043d\u0438\u0435\u043c, \u043f\u043e\u0437\u0432\u043e\u043b\u044f\u044f<span lang=\"lt-LT\">os<\/span>\u00a0\u043d\u0430\u043c \u043e\u0431\u043e\u0439\u0442\u0438 \u043f\u0441\u0438\u0445\u043e\u043b\u043e\u0433\u0438\u0447\u0435\u0441\u043a\u0438\u0435\u00a0<span lang=\"lt-LT\">\u0437\u0430\u0449\u0438\u0442\u0430<\/span>\u043c\u044b \u043f\u043e\u043c\u043e\u0433\u0430\u0435\u043c<span lang=\"lt-LT\">os<\/span>\u00a0\u043e\u0442\u043a\u0440\u044b\u0442\u044c\u0441\u044f\u00a0<span lang=\"lt-LT\">\u0447\u0435\u043b\u043e\u0432\u0435\u043a\u0443<\/span>\u041f\u043e\u0434\u0441\u043e\u0437\u043d\u0430\u0442\u0435\u043b\u044c\u043d\u043e \u043f\u043e\u0434\u0435\u043b\u0438\u0442\u0435\u0441\u044c \u0441\u0432\u043e\u0438\u043c \u0432\u043d\u0443\u0442\u0440\u0435\u043d\u043d\u0438\u043c \u043c\u0438\u0440\u043e\u043c \u0438 \u0440\u0430\u0441\u043a\u0440\u043e\u0439\u0442\u0435 \u0441\u0432\u043e\u0439 \u043f\u043e\u0442\u0435\u043d\u0446\u0438\u0430\u043b. CatMotions \u043b\u0435\u0433\u043a\u043e\u00a0<span lang=\"lt-LT\">\u043f\u0440\u043e\u0441\u044b\u043f\u0430\u0435\u0442\u0441\u044f<\/span>\u00a0\u043c\u0435\u0442\u0430\u0444\u043e\u0440\u044b \u0438 \u0430\u0441\u0441\u043e\u0446\u0438\u0430\u0446\u0438\u0438, \u0441\u0432\u044f\u0437\u0430\u043d\u043d\u044b\u0435 \u0441 \u0437\u0430\u043f\u0440\u043e\u0441\u043e\u043c,\u00a0<span lang=\"lt-LT\">\u0438\u0437-\u0437\u0430 \u0447\u0435\u0433\u043e<\/span>\u00a0\u0447\u0435\u043b\u043e\u0432\u0435\u043a<span lang=\"lt-LT\">\u0432 \u0440\u0443\u043a\u0438<\/span>\u00a0\u043a\u043e\u043b\u043e\u0434\u0430 \u043a\u0430\u0440\u0442.<\/p><p>\u041a\u043e\u0448\u043a\u0438 \u0442\u0430\u043a\u0438\u0435.\u00a0<span lang=\"lt-LT\">\u0434\u0440\u0443\u0433\u043e\u0439<\/span>,\u00a0<span lang=\"lt-LT\">\u0443\u043d\u0438\u0432\u0435\u0440\u0441\u0430\u043b\u044c\u043d\u044b\u0439<\/span>\u00a0\u0441\u0443\u0449\u0435\u0441\u0442\u0432\u0430, \u043a\u043e\u0442\u043e\u0440\u044b\u0435\u00a0<span lang=\"lt-LT\">\u043f\u043e\u044f\u0432\u043b\u044f\u0442\u044c\u0441\u044f\u00a0<\/span>\u043f\u043e\u0437\u0432\u043e\u043b\u044f\u0435\u0442 \u043d\u0430\u043c \u043e\u0449\u0443\u0442\u0438\u0442\u044c \u043c\u043d\u043e\u0436\u0435\u0441\u0442\u0432\u043e \u043e\u0442\u0442\u0435\u043d\u043a\u043e\u0432 \u0438 \u043d\u044e\u0430\u043d\u0441\u043e\u0432 \u044d\u043c\u043e\u0446\u0438\u043e\u043d\u0430\u043b\u044c\u043d\u043e\u0433\u043e \u0432\u043e\u0441\u043f\u0440\u0438\u044f\u0442\u0438\u044f.<span lang=\"lt-LT\">pa<\/span>\u0432\u0437\u0433\u043b\u044f\u043d\u0438<span lang=\"lt-LT\">ti<\/span>\u00a0\u00ab\u0414\u043e \u0441\u0430\u043c\u043e\u0439 \u0434\u0443\u0448\u0438\u00bb. \u0415\u0441\u043b\u0438 \u0434\u043e\u0431\u0430\u0432\u0438\u0442\u044c \u043a \u044d\u0442\u043e\u0439 \u043a\u043e\u043b\u043e\u0434\u0435 \u043a\u0430\u0440\u0442\u044b \u0438\u0437 \u043a\u043e\u043b\u043e\u0434\u044b \u00ab\u042d\u043c\u043e\u0446\u0438\u0438\u00bb, \u0441\u043e\u0447\u0435\u0442\u0430\u043d\u0438\u0435 \u0441\u043b\u043e\u0432 \u0438 \u0438\u0437\u043e\u0431\u0440\u0430\u0436\u0435\u043d\u0438\u0439 \u0437\u0430\u0434\u0435\u0439\u0441\u0442\u0432\u0443\u0435\u0442 \u043e\u0431\u0430 \u043f\u043e\u043b\u0443\u0448\u0430\u0440\u0438\u044f \u043d\u0430\u0448\u0435\u0433\u043e \u043c\u043e\u0437\u0433\u0430, \u0430\u043a\u0442\u0438\u0432\u0438\u0437\u0438\u0440\u0443\u044f \u043a\u0430\u043a \u0438\u043d\u0442\u0443\u0438\u0446\u0438\u044e, \u0442\u0430\u043a \u0438 \u043b\u043e\u0433\u0438\u043a\u0443.<\/p><p>CatMotions \u2014 \u044d\u0442\u043e \u043f\u0440\u043e\u0444\u0435\u0441\u0441\u0438\u043e\u043d\u0430\u043b\u044c\u043d\u0430\u044f \u0441\u0442\u0443\u0434\u0438\u044f \u0437\u0432\u0443\u043a\u043e\u0437\u0430\u043f\u0438\u0441\u0438.<span lang=\"lt-LT\">nkis<\/span>\u043e\u0445\u0432\u0430\u0442\u044b\u0432\u0430\u044e\u0449\u0438\u0439 \u0448\u0438\u0440\u043e\u043a\u0438\u0439 \u0441\u043f\u0435\u043a\u0442\u0440\u00a0<span lang=\"lt-LT\">\u043d\u0430\u0448\u0438 \u0448\u0442\u0430\u0442\u044b<\/span>\u00a0\u0441\u043f\u0435\u043a\u0442\u0440, \u043a\u043b\u044e\u0447 \u043a \u0433\u043b\u0443\u0431\u0438\u043d\u043d\u043e\u043c\u0443 \u00ab\u044f\u00bb\u00a0<span lang=\"lt-LT\">\u0437\u043d\u0430\u043d\u0438\u0435\u00a0<\/span>\u0433\u043b\u0443\u0431\u0438\u043d\u044b<\/p><\/div><\/div>\t\t\t\t\t\t\t\t<\/div>\n\t\t\t\t\t<\/div>\n\t\t\t\t<\/div>\n\t\t\t\t<\/div>","protected":false},"excerpt":{"rendered":"<p data-start=\"50\" data-end=\"83\"><strong data-start=\"50\" data-end=\"83\">CatMotions metaforin\u0117s kortos<\/strong><\/p>\n<p data-start=\"85\" data-end=\"340\">\u201eCatMotions\u201c \u2013 tai metaforini\u0173 kort\u0173 kalad\u0117 su ne\u012fprastais ka\u010di\u0173 atvaizdais, padedanti geriau pa\u017einti savo emocijas, vidines b\u016bsenas ir reakcijas. Kortos sukuria saugumo jausm\u0105, skatina asociacijas, vaizduot\u0119 ir leid\u017eia lengviau atsiverti sav\u0119s pa\u017einimui.<\/p>\n<p data-start=\"342\" data-end=\"612\">\u0160i kalad\u0117 padeda tyrin\u0117ti emocin\u012f pasaul\u012f, geriau suprasti save ir kitus, lavinti empatij\u0105 bei atrasti naujus sprendimus \u012fvairiose gyvenimo situacijose. Kortos tinka tiek individualiam naudojimui, tiek darbui poroje, grup\u0117se ar profesionalioje psichologin\u0117je praktikoje.<\/p>\n<p data-start=\"614\" data-end=\"728\">\u201eCatMotions\u201c kortos puikiai tinka saviugdai, k\u016brybin\u0117ms praktikoms, emociniam darbui ir gilesniam sav\u0119s pa\u017einimui.<\/p>","protected":false},"featured_media":2035,"comment_status":"open","ping_status":"closed","template":"","meta":[],"product_brand":[],"product_cat":[16],"product_tag":[],"class_list":{"0":"post-131","1":"product","2":"type-product","3":"status-publish","4":"has-post-thumbnail","6":"product_cat-metakortos","8":"first","9":"instock","10":"shipping-taxable","11":"purchasable","12":"product-type-simple"},"yoast_head":"<!-- This site is optimized with the Yoast SEO plugin v27.0 - https:\/\/yoast.com\/product\/yoast-seo-wordpress\/ -->\n<title>CatMotions tinkamiausia vaikams - Metakortos.lt<\/title>\n<meta name=\"robots\" content=\"index, follow, max-snippet:-1, max-image-preview:large, max-video-preview:-1\" \/>\n<link rel=\"canonical\" href=\"https:\/\/metakortos.lt\/ru\/\u043f\u0440\u043e\u0434\u0443\u043a\u0442\/metakortos-1\/\" \/>\n<meta property=\"og:locale\" content=\"ru_RU\" \/>\n<meta property=\"og:type\" content=\"article\" \/>\n<meta property=\"og:title\" content=\"CatMotions tinkamiausia vaikams - Metakortos.lt\" \/>\n<meta property=\"og:description\" content=\"CatMotions metaforin\u0117s kortos \u201eCatMotions\u201c \u2013 tai metaforini\u0173 kort\u0173 kalad\u0117 su ne\u012fprastais ka\u010di\u0173 atvaizdais, padedanti geriau pa\u017einti savo\" \/>\n<meta property=\"og:url\" content=\"https:\/\/metakortos.lt\/ru\/\u043f\u0440\u043e\u0434\u0443\u043a\u0442\/metakortos-1\/\" \/>\n<meta property=\"og:site_name\" content=\"Metakortos.lt\" \/>\n<meta property=\"article:modified_time\" content=\"2026-03-29T12:43:55+00:00\" \/>\n<meta property=\"og:image\" content=\"https:\/\/metakortos.lt\/wp-content\/uploads\/2026\/01\/DIM_4109.jpg\" \/>\n\t<meta property=\"og:image:width\" content=\"1813\" \/>\n\t<meta property=\"og:image:height\" content=\"2417\" \/>\n\t<meta property=\"og:image:type\" content=\"image\/jpeg\" \/>\n<meta name=\"twitter:card\" content=\"summary_large_image\" \/>\n<meta name=\"twitter:label1\" content=\"\u041f\u0440\u0438\u043c\u0435\u0440\u043d\u043e\u0435 \u0432\u0440\u0435\u043c\u044f \u0434\u043b\u044f \u0447\u0442\u0435\u043d\u0438\u044f\" \/>\n\t<meta name=\"twitter:data1\" content=\"2 \u043c\u0438\u043d\u0443\u0442\u044b\" \/>\n<script type=\"application\/ld+json\" class=\"yoast-schema-graph\">{\"@context\":\"https:\/\/schema.org\",\"@graph\":[{\"@type\":\"WebPage\",\"@id\":\"https:\/\/metakortos.lt\/produktas\/metakortos-1\/\",\"url\":\"https:\/\/metakortos.lt\/produktas\/metakortos-1\/\",\"name\":\"CatMotions tinkamiausia vaikams - Metakortos.lt\",\"isPartOf\":{\"@id\":\"https:\/\/metakortos.lt\/#website\"},\"primaryImageOfPage\":{\"@id\":\"https:\/\/metakortos.lt\/produktas\/metakortos-1\/#primaryimage\"},\"image\":{\"@id\":\"https:\/\/metakortos.lt\/produktas\/metakortos-1\/#primaryimage\"},\"thumbnailUrl\":\"https:\/\/metakortos.lt\/wp-content\/uploads\/2026\/01\/DIM_4109.jpg\",\"datePublished\":\"2026-01-08T16:48:00+00:00\",\"dateModified\":\"2026-03-29T12:43:55+00:00\",\"breadcrumb\":{\"@id\":\"https:\/\/metakortos.lt\/produktas\/metakortos-1\/#breadcrumb\"},\"inLanguage\":\"ru-RU\",\"potentialAction\":[{\"@type\":\"ReadAction\",\"target\":[\"https:\/\/metakortos.lt\/produktas\/metakortos-1\/\"]}]},{\"@type\":\"ImageObject\",\"inLanguage\":\"ru-RU\",\"@id\":\"https:\/\/metakortos.lt\/produktas\/metakortos-1\/#primaryimage\",\"url\":\"https:\/\/metakortos.lt\/wp-content\/uploads\/2026\/01\/DIM_4109.jpg\",\"contentUrl\":\"https:\/\/metakortos.lt\/wp-content\/uploads\/2026\/01\/DIM_4109.jpg\",\"width\":1813,\"height\":2417},{\"@type\":\"BreadcrumbList\",\"@id\":\"https:\/\/metakortos.lt\/produktas\/metakortos-1\/#breadcrumb\",\"itemListElement\":[{\"@type\":\"ListItem\",\"position\":1,\"name\":\"Home\",\"item\":\"https:\/\/metakortos.lt\/\"},{\"@type\":\"ListItem\",\"position\":2,\"name\":\"Parduotuv\u0117\",\"item\":\"https:\/\/metakortos.lt\/parduotuve-2\/\"},{\"@type\":\"ListItem\",\"position\":3,\"name\":\"CatMotions tinkamiausia vaikams\"}]},{\"@type\":\"WebSite\",\"@id\":\"https:\/\/metakortos.lt\/#website\",\"url\":\"https:\/\/metakortos.lt\/\",\"name\":\"Metakortos.lt\",\"description\":\"\",\"publisher\":{\"@id\":\"https:\/\/metakortos.lt\/#organization\"},\"potentialAction\":[{\"@type\":\"SearchAction\",\"target\":{\"@type\":\"EntryPoint\",\"urlTemplate\":\"https:\/\/metakortos.lt\/?s={search_term_string}\"},\"query-input\":{\"@type\":\"PropertyValueSpecification\",\"valueRequired\":true,\"valueName\":\"search_term_string\"}}],\"inLanguage\":\"ru-RU\"},{\"@type\":\"Organization\",\"@id\":\"https:\/\/metakortos.lt\/#organization\",\"name\":\"Metakortos.lt\",\"url\":\"https:\/\/metakortos.lt\/\",\"logo\":{\"@type\":\"ImageObject\",\"inLanguage\":\"ru-RU\",\"@id\":\"https:\/\/metakortos.lt\/#\/schema\/logo\/image\/\",\"url\":\"https:\/\/metakortos.lt\/wp-content\/uploads\/2026\/02\/cropped-photo_2025-11-21_17-31-04-removebg-preview-removebg-preview.png\",\"contentUrl\":\"https:\/\/metakortos.lt\/wp-content\/uploads\/2026\/02\/cropped-photo_2025-11-21_17-31-04-removebg-preview-removebg-preview.png\",\"width\":512,\"height\":512,\"caption\":\"Metakortos.lt\"},\"image\":{\"@id\":\"https:\/\/metakortos.lt\/#\/schema\/logo\/image\/\"}}]}<\/script>\n<!-- \/ Yoast SEO plugin. -->","yoast_head_json":{"title":"CatMotions tinkamiausia vaikams - Metakortos.lt","robots":{"index":"index","follow":"follow","max-snippet":"max-snippet:-1","max-image-preview":"max-image-preview:large","max-video-preview":"max-video-preview:-1"},"canonical":"https:\/\/metakortos.lt\/ru\/\u043f\u0440\u043e\u0434\u0443\u043a\u0442\/metakortos-1\/","og_locale":"ru_RU","og_type":"article","og_title":"CatMotions tinkamiausia vaikams - Metakortos.lt","og_description":"CatMotions metaforin\u0117s kortos \u201eCatMotions\u201c \u2013 tai metaforini\u0173 kort\u0173 kalad\u0117 su ne\u012fprastais ka\u010di\u0173 atvaizdais, padedanti geriau pa\u017einti savo","og_url":"https:\/\/metakortos.lt\/ru\/\u043f\u0440\u043e\u0434\u0443\u043a\u0442\/metakortos-1\/","og_site_name":"Metakortos.lt","article_modified_time":"2026-03-29T12:43:55+00:00","og_image":[{"width":1813,"height":2417,"url":"https:\/\/metakortos.lt\/wp-content\/uploads\/2026\/01\/DIM_4109.jpg","type":"image\/jpeg"}],"twitter_card":"summary_large_image","twitter_misc":{"\u041f\u0440\u0438\u043c\u0435\u0440\u043d\u043e\u0435 \u0432\u0440\u0435\u043c\u044f \u0434\u043b\u044f \u0447\u0442\u0435\u043d\u0438\u044f":"2 \u043c\u0438\u043d\u0443\u0442\u044b"},"schema":{"@context":"https:\/\/schema.org","@graph":[{"@type":"WebPage","@id":"https:\/\/metakortos.lt\/produktas\/metakortos-1\/","url":"https:\/\/metakortos.lt\/produktas\/metakortos-1\/","name":"CatMotions tinkamiausia vaikams - Metakortos.lt","isPartOf":{"@id":"https:\/\/metakortos.lt\/#website"},"primaryImageOfPage":{"@id":"https:\/\/metakortos.lt\/produktas\/metakortos-1\/#primaryimage"},"image":{"@id":"https:\/\/metakortos.lt\/produktas\/metakortos-1\/#primaryimage"},"thumbnailUrl":"https:\/\/metakortos.lt\/wp-content\/uploads\/2026\/01\/DIM_4109.jpg","datePublished":"2026-01-08T16:48:00+00:00","dateModified":"2026-03-29T12:43:55+00:00","breadcrumb":{"@id":"https:\/\/metakortos.lt\/produktas\/metakortos-1\/#breadcrumb"},"inLanguage":"ru-RU","potentialAction":[{"@type":"ReadAction","target":["https:\/\/metakortos.lt\/produktas\/metakortos-1\/"]}]},{"@type":"ImageObject","inLanguage":"ru-RU","@id":"https:\/\/metakortos.lt\/produktas\/metakortos-1\/#primaryimage","url":"https:\/\/metakortos.lt\/wp-content\/uploads\/2026\/01\/DIM_4109.jpg","contentUrl":"https:\/\/metakortos.lt\/wp-content\/uploads\/2026\/01\/DIM_4109.jpg","width":1813,"height":2417},{"@type":"BreadcrumbList","@id":"https:\/\/metakortos.lt\/produktas\/metakortos-1\/#breadcrumb","itemListElement":[{"@type":"ListItem","position":1,"name":"Home","item":"https:\/\/metakortos.lt\/"},{"@type":"ListItem","position":2,"name":"Parduotuv\u0117","item":"https:\/\/metakortos.lt\/parduotuve-2\/"},{"@type":"ListItem","position":3,"name":"CatMotions tinkamiausia vaikams"}]},{"@type":"WebSite","@id":"https:\/\/metakortos.lt\/#website","url":"https:\/\/metakortos.lt\/","name":"Metakortos.ru","description":"","publisher":{"@id":"https:\/\/metakortos.lt\/#organization"},"potentialAction":[{"@type":"SearchAction","target":{"@type":"EntryPoint","urlTemplate":"https:\/\/metakortos.lt\/?s={search_term_string}"},"query-input":{"@type":"PropertyValueSpecification","valueRequired":true,"valueName":"search_term_string"}}],"inLanguage":"ru-RU"},{"@type":"Organization","@id":"https:\/\/metakortos.lt\/#organization","name":"Metakortos.ru","url":"https:\/\/metakortos.lt\/","logo":{"@type":"ImageObject","inLanguage":"ru-RU","@id":"https:\/\/metakortos.lt\/#\/schema\/logo\/image\/","url":"https:\/\/metakortos.lt\/wp-content\/uploads\/2026\/02\/cropped-photo_2025-11-21_17-31-04-removebg-preview-removebg-preview.png","contentUrl":"https:\/\/metakortos.lt\/wp-content\/uploads\/2026\/02\/cropped-photo_2025-11-21_17-31-04-removebg-preview-removebg-preview.png","width":512,"height":512,"caption":"Metakortos.lt"},"image":{"@id":"https:\/\/metakortos.lt\/#\/schema\/logo\/image\/"}}]}},"_links":{"self":[{"href":"https:\/\/metakortos.lt\/ru\/wp-json\/wp\/v2\/product\/131","targetHints":{"allow":["GET"]}}],"collection":[{"href":"https:\/\/metakortos.lt\/ru\/wp-json\/wp\/v2\/product"}],"about":[{"href":"https:\/\/metakortos.lt\/ru\/wp-json\/wp\/v2\/types\/product"}],"replies":[{"embeddable":true,"href":"https:\/\/metakortos.lt\/ru\/wp-json\/wp\/v2\/comments?post=131"}],"version-history":[{"count":25,"href":"https:\/\/metakortos.lt\/ru\/wp-json\/wp\/v2\/product\/131\/revisions"}],"predecessor-version":[{"id":720,"href":"https:\/\/metakortos.lt\/ru\/wp-json\/wp\/v2\/product\/131\/revisions\/720"}],"wp:featuredmedia":[{"embeddable":true,"href":"https:\/\/metakortos.lt\/ru\/wp-json\/wp\/v2\/media\/2035"}],"wp:attachment":[{"href":"https:\/\/metakortos.lt\/ru\/wp-json\/wp\/v2\/media?parent=131"}],"wp:term":[{"taxonomy":"product_brand","embeddable":true,"href":"https:\/\/metakortos.lt\/ru\/wp-json\/wp\/v2\/product_brand?post=131"},{"taxonomy":"product_cat","embeddable":true,"href":"https:\/\/metakortos.lt\/ru\/wp-json\/wp\/v2\/product_cat?post=131"},{"taxonomy":"product_tag","embeddable":true,"href":"https:\/\/metakortos.lt\/ru\/wp-json\/wp\/v2\/product_tag?post=131"}],"curies":[{"name":"wp","href":"https:\/\/api.w.org\/{rel}","templated":true}]}}