{"id":827,"date":"2026-02-01T14:33:42","date_gmt":"2026-02-01T14:33:42","guid":{"rendered":"https:\/\/metakortos.lt\/?post_type=product&#038;p=827"},"modified":"2026-03-29T12:43:54","modified_gmt":"2026-03-29T12:43:54","slug":"emocijos-pazink-savo-emocijas","status":"publish","type":"product","link":"https:\/\/metakortos.lt\/en\/product-meta\/emocijos-pazink-savo-emocijas\/","title":{"rendered":"Emotions \u2013 Know your emotions"},"content":{"rendered":"<div data-elementor-type=\"product-post\" data-elementor-id=\"827\" class=\"elementor elementor-827\" data-elementor-post-type=\"product\">\n\t\t\t\t<div class=\"elementor-element elementor-element-619d7d93 e-flex e-con-boxed e-con e-parent\" data-id=\"619d7d93\" data-element_type=\"container\">\n\t\t\t\t\t<div class=\"e-con-inner\">\n\t\t\t\t<div class=\"elementor-element elementor-element-33d1a83a elementor-widget elementor-widget-text-editor\" data-id=\"33d1a83a\" data-element_type=\"widget\" data-widget_type=\"text-editor.default\">\n\t\t\t\t\t\t\t\t\t<div class=\"woocommerce-tabs wc-tabs-wrapper\"><div id=\"tab-description\" class=\"woocommerce-Tabs-panel woocommerce-Tabs-panel--description panel entry-content wc-tab\" role=\"tabpanel\" aria-labelledby=\"tab-title-description\"><p align=\"center\">\u201eCatMotions\u201c<\/p><p align=\"center\">A deck of cards with unusual cat images that gives you access to the many nuances in your children's multifaceted emotional world.<\/p><p>The metaphorical CatMotions cards are an effective tool that can be useful for both a professional psychologist and anyone.\u00a0<span lang=\"lt-LT\">\u017e<\/span>mogui.<\/p><p>\"The idea to create such a deck of cards came about because for many of us cats are wonderful creatures with extraordinary habits that are interesting to observe. In childhood, everyone probably loved<span lang=\"lt-LT\">ome<\/span>\u00a0su jomis \u017eaisti ir band<span lang=\"lt-LT\">\u0117me<\/span>\u00a0m\u0117gd\u017eioti j\u0173 elges\u012f.<\/p><p>However, in order to create such cards, the artist must have a good understanding of the subject.\u00a0<span lang=\"lt-LT\">Unbelievable, but\u00a0<\/span>fate brought me together with such a person \u2013 Nika Er (A. V. Asadullina), and gradually, through our joint efforts, the \u201cCatMotions\u201d cards were created.\u00a0<span lang=\"lt-LT\">this\u00a0<\/span>The entire team worked on the project, for which special thanks go to S. V. Filippova, E. V. Nochevnaya and E. S. Asadullin.\u201d<\/p><p>Project editor: O. J. Sokolov<\/p><p>CatMotions are new, original, metaphorical\u00a0<span lang=\"lt-LT\">and<\/span>\u00a0<span lang=\"lt-LT\">with\u00a0<\/span>asocia<span lang=\"lt-LT\">tions<\/span>\u00a0kortos, vaizduojan\u010dios \u012fvairias emocines b\u016bsenas, \u012fk\u016bnytas ne\u012fprastais ka\u010di\u0173 atvaizdais.<\/p><p>Metaphorical images of cats create a sense of security and\u00a0<span lang=\"lt-LT\">significantly<\/span>\u00a0reduces the level of control of our consciousness, allowing<span lang=\"lt-LT\">os<\/span>\u00a0us to bypass the psychological\u00a0<span lang=\"lt-LT\">protection<\/span>we help<span lang=\"lt-LT\">os<\/span>\u00a0to open up\u00a0<span lang=\"lt-LT\">to a person<\/span>, unconsciously share your inner world and reveal your potential. CatMotions easily\u00a0<span lang=\"lt-LT\">wakes up<\/span>\u00a0metaphors and associations related to the request,\u00a0<span lang=\"lt-LT\">because of which<\/span>\u00a0a person<span lang=\"lt-LT\">into hands<\/span>\u00a0a deck of cards.<\/p><p>Cats are like that\u00a0<span lang=\"lt-LT\">different<\/span>,\u00a0<span lang=\"lt-LT\">versatile<\/span>\u00a0beings that\u00a0<span lang=\"lt-LT\">appear\u00a0<\/span>allows us to experience many shades and nuances of emotional perception, \"<span lang=\"lt-LT\">pa<\/span>take a look<span lang=\"lt-LT\">ti<\/span>\u00a0to the very soul.\" If you add the cards from the \"Emotions\" deck to this deck, the combination of words and images will engage both hemispheres of our brain, activating both intuition and logic.<\/p><p>CatMotions is a professional recording<span lang=\"lt-LT\">nkis<\/span>, covering a wide range\u00a0<span lang=\"lt-LT\">our states<\/span>\u00a0spectrum, the key to the deepest self\u00a0<span lang=\"lt-LT\">knowledge\u00a0<\/span>the depths<\/p><\/div><\/div>\t\t\t\t\t\t\t\t<\/div>\n\t\t\t\t\t<\/div>\n\t\t\t\t<\/div>\n\t\t\t\t<\/div>","protected":false},"excerpt":{"rendered":"<p data-start=\"86\" data-end=\"117\"><strong data-start=\"86\" data-end=\"117\">Emocijos metaforin\u0117s kortos<\/strong><\/p>\n<p data-start=\"119\" data-end=\"376\">\u201eEmocijos\u201c \u2013 tai metaforini\u0173 kort\u0173 kalad\u0117, padedanti geriau suprasti savo jausmus, reakcijas ir vidinius i\u0161gyvenimus. Kalad\u0119 sudaro dvi dalys: kortos su emocij\u0173 pavadinimais ir kortos su situacij\u0173 bei poj\u016b\u010di\u0173 vaizdais, kurie padeda atskleisti emocij\u0173 kilm\u0119.<\/p>\n<p data-start=\"378\" data-end=\"607\">Kortos leid\u017eia giliau pa\u017evelgti \u012f \u017emogaus emocin\u012f pasaul\u012f, lavinti emocin\u012f jautrum\u0105, geriau suprasti save ir kitus. \u017dod\u017ei\u0173 ir vaizd\u0173 derinys skatina intuicij\u0105, vaizduot\u0119 bei padeda rasti sprendimus \u012fvairiose gyvenimo situacijose.<\/p>\n<p data-start=\"609\" data-end=\"741\">\u201eEmocijos\u201c kortos tinka saviugdai, psichologiniam darbui, kou\u010dingui, edukaciniams \u017eaidimams bei darbui su grup\u0117mis ar individualiai.<\/p>\n<p data-start=\"609\" data-end=\"741\"><span style=\"color: #ff6600;\">*Kortos yra rus\u0173 kalb\u0105, lietuvi\u0173 kalba dar ruo\u0161iama<\/span><\/p>","protected":false},"featured_media":1371,"comment_status":"open","ping_status":"closed","template":"","meta":[],"product_brand":[],"product_cat":[16],"product_tag":[],"class_list":{"0":"post-827","1":"product","2":"type-product","3":"status-publish","4":"has-post-thumbnail","6":"product_cat-metakortos","8":"first","9":"instock","10":"shipping-taxable","11":"purchasable","12":"product-type-simple"},"yoast_head":"<!-- This site is optimized with the Yoast SEO plugin v27.0 - https:\/\/yoast.com\/product\/yoast-seo-wordpress\/ -->\n<title>Emocijos \u2013 Pa\u017eink savo emocijas - Metakortos.lt<\/title>\n<meta name=\"robots\" content=\"index, follow, max-snippet:-1, max-image-preview:large, max-video-preview:-1\" \/>\n<link rel=\"canonical\" href=\"https:\/\/metakortos.lt\/en\/product-meta\/emocijos-pazink-savo-emocijas\/\" \/>\n<meta property=\"og:locale\" content=\"en_US\" \/>\n<meta property=\"og:type\" content=\"article\" \/>\n<meta property=\"og:title\" content=\"Emocijos \u2013 Pa\u017eink savo emocijas - Metakortos.lt\" \/>\n<meta property=\"og:description\" content=\"Emocijos metaforin\u0117s kortos \u201eEmocijos\u201c \u2013 tai metaforini\u0173 kort\u0173 kalad\u0117, padedanti geriau suprasti savo jausmus, reakcijas ir vidinius i\u0161gyve\" \/>\n<meta property=\"og:url\" content=\"https:\/\/metakortos.lt\/en\/product-meta\/emocijos-pazink-savo-emocijas\/\" \/>\n<meta property=\"og:site_name\" content=\"Metakortos.lt\" \/>\n<meta property=\"article:modified_time\" content=\"2026-03-29T12:43:54+00:00\" \/>\n<meta property=\"og:image\" content=\"https:\/\/metakortos.lt\/wp-content\/uploads\/2026\/02\/DIM_4147-300x300-removebg-preview.png\" \/>\n\t<meta property=\"og:image:width\" content=\"300\" \/>\n\t<meta property=\"og:image:height\" content=\"300\" \/>\n\t<meta property=\"og:image:type\" content=\"image\/png\" \/>\n<meta name=\"twitter:card\" content=\"summary_large_image\" \/>\n<meta name=\"twitter:label1\" content=\"Est. reading time\" \/>\n\t<meta name=\"twitter:data1\" content=\"2 minutes\" \/>\n<script type=\"application\/ld+json\" class=\"yoast-schema-graph\">{\"@context\":\"https:\/\/schema.org\",\"@graph\":[{\"@type\":\"WebPage\",\"@id\":\"https:\/\/metakortos.lt\/produktas\/emocijos-pazink-savo-emocijas\/\",\"url\":\"https:\/\/metakortos.lt\/produktas\/emocijos-pazink-savo-emocijas\/\",\"name\":\"Emocijos \u2013 Pa\u017eink savo emocijas - Metakortos.lt\",\"isPartOf\":{\"@id\":\"https:\/\/metakortos.lt\/#website\"},\"primaryImageOfPage\":{\"@id\":\"https:\/\/metakortos.lt\/produktas\/emocijos-pazink-savo-emocijas\/#primaryimage\"},\"image\":{\"@id\":\"https:\/\/metakortos.lt\/produktas\/emocijos-pazink-savo-emocijas\/#primaryimage\"},\"thumbnailUrl\":\"https:\/\/metakortos.lt\/wp-content\/uploads\/2026\/02\/DIM_4147-300x300-removebg-preview.png\",\"datePublished\":\"2026-02-01T14:33:42+00:00\",\"dateModified\":\"2026-03-29T12:43:54+00:00\",\"breadcrumb\":{\"@id\":\"https:\/\/metakortos.lt\/produktas\/emocijos-pazink-savo-emocijas\/#breadcrumb\"},\"inLanguage\":\"en-US\",\"potentialAction\":[{\"@type\":\"ReadAction\",\"target\":[\"https:\/\/metakortos.lt\/produktas\/emocijos-pazink-savo-emocijas\/\"]}]},{\"@type\":\"ImageObject\",\"inLanguage\":\"en-US\",\"@id\":\"https:\/\/metakortos.lt\/produktas\/emocijos-pazink-savo-emocijas\/#primaryimage\",\"url\":\"https:\/\/metakortos.lt\/wp-content\/uploads\/2026\/02\/DIM_4147-300x300-removebg-preview.png\",\"contentUrl\":\"https:\/\/metakortos.lt\/wp-content\/uploads\/2026\/02\/DIM_4147-300x300-removebg-preview.png\",\"width\":300,\"height\":300},{\"@type\":\"BreadcrumbList\",\"@id\":\"https:\/\/metakortos.lt\/produktas\/emocijos-pazink-savo-emocijas\/#breadcrumb\",\"itemListElement\":[{\"@type\":\"ListItem\",\"position\":1,\"name\":\"Home\",\"item\":\"https:\/\/metakortos.lt\/\"},{\"@type\":\"ListItem\",\"position\":2,\"name\":\"Parduotuv\u0117\",\"item\":\"https:\/\/metakortos.lt\/parduotuve-2\/\"},{\"@type\":\"ListItem\",\"position\":3,\"name\":\"Emocijos \u2013 Pa\u017eink savo emocijas\"}]},{\"@type\":\"WebSite\",\"@id\":\"https:\/\/metakortos.lt\/#website\",\"url\":\"https:\/\/metakortos.lt\/\",\"name\":\"Metakortos.lt\",\"description\":\"\",\"publisher\":{\"@id\":\"https:\/\/metakortos.lt\/#organization\"},\"potentialAction\":[{\"@type\":\"SearchAction\",\"target\":{\"@type\":\"EntryPoint\",\"urlTemplate\":\"https:\/\/metakortos.lt\/?s={search_term_string}\"},\"query-input\":{\"@type\":\"PropertyValueSpecification\",\"valueRequired\":true,\"valueName\":\"search_term_string\"}}],\"inLanguage\":\"en-US\"},{\"@type\":\"Organization\",\"@id\":\"https:\/\/metakortos.lt\/#organization\",\"name\":\"Metakortos.lt\",\"url\":\"https:\/\/metakortos.lt\/\",\"logo\":{\"@type\":\"ImageObject\",\"inLanguage\":\"en-US\",\"@id\":\"https:\/\/metakortos.lt\/#\/schema\/logo\/image\/\",\"url\":\"https:\/\/metakortos.lt\/wp-content\/uploads\/2026\/02\/cropped-photo_2025-11-21_17-31-04-removebg-preview-removebg-preview.png\",\"contentUrl\":\"https:\/\/metakortos.lt\/wp-content\/uploads\/2026\/02\/cropped-photo_2025-11-21_17-31-04-removebg-preview-removebg-preview.png\",\"width\":512,\"height\":512,\"caption\":\"Metakortos.lt\"},\"image\":{\"@id\":\"https:\/\/metakortos.lt\/#\/schema\/logo\/image\/\"}}]}<\/script>\n<!-- \/ Yoast SEO plugin. -->","yoast_head_json":{"title":"Emocijos \u2013 Pa\u017eink savo emocijas - Metakortos.lt","robots":{"index":"index","follow":"follow","max-snippet":"max-snippet:-1","max-image-preview":"max-image-preview:large","max-video-preview":"max-video-preview:-1"},"canonical":"https:\/\/metakortos.lt\/en\/product-meta\/emocijos-pazink-savo-emocijas\/","og_locale":"en_US","og_type":"article","og_title":"Emocijos \u2013 Pa\u017eink savo emocijas - Metakortos.lt","og_description":"Emocijos metaforin\u0117s kortos \u201eEmocijos\u201c \u2013 tai metaforini\u0173 kort\u0173 kalad\u0117, padedanti geriau suprasti savo jausmus, reakcijas ir vidinius i\u0161gyve","og_url":"https:\/\/metakortos.lt\/en\/product-meta\/emocijos-pazink-savo-emocijas\/","og_site_name":"Metakortos.lt","article_modified_time":"2026-03-29T12:43:54+00:00","og_image":[{"width":300,"height":300,"url":"https:\/\/metakortos.lt\/wp-content\/uploads\/2026\/02\/DIM_4147-300x300-removebg-preview.png","type":"image\/png"}],"twitter_card":"summary_large_image","twitter_misc":{"Est. reading time":"2 minutes"},"schema":{"@context":"https:\/\/schema.org","@graph":[{"@type":"WebPage","@id":"https:\/\/metakortos.lt\/produktas\/emocijos-pazink-savo-emocijas\/","url":"https:\/\/metakortos.lt\/produktas\/emocijos-pazink-savo-emocijas\/","name":"Emocijos \u2013 Pa\u017eink savo emocijas - Metakortos.lt","isPartOf":{"@id":"https:\/\/metakortos.lt\/#website"},"primaryImageOfPage":{"@id":"https:\/\/metakortos.lt\/produktas\/emocijos-pazink-savo-emocijas\/#primaryimage"},"image":{"@id":"https:\/\/metakortos.lt\/produktas\/emocijos-pazink-savo-emocijas\/#primaryimage"},"thumbnailUrl":"https:\/\/metakortos.lt\/wp-content\/uploads\/2026\/02\/DIM_4147-300x300-removebg-preview.png","datePublished":"2026-02-01T14:33:42+00:00","dateModified":"2026-03-29T12:43:54+00:00","breadcrumb":{"@id":"https:\/\/metakortos.lt\/produktas\/emocijos-pazink-savo-emocijas\/#breadcrumb"},"inLanguage":"en-US","potentialAction":[{"@type":"ReadAction","target":["https:\/\/metakortos.lt\/produktas\/emocijos-pazink-savo-emocijas\/"]}]},{"@type":"ImageObject","inLanguage":"en-US","@id":"https:\/\/metakortos.lt\/produktas\/emocijos-pazink-savo-emocijas\/#primaryimage","url":"https:\/\/metakortos.lt\/wp-content\/uploads\/2026\/02\/DIM_4147-300x300-removebg-preview.png","contentUrl":"https:\/\/metakortos.lt\/wp-content\/uploads\/2026\/02\/DIM_4147-300x300-removebg-preview.png","width":300,"height":300},{"@type":"BreadcrumbList","@id":"https:\/\/metakortos.lt\/produktas\/emocijos-pazink-savo-emocijas\/#breadcrumb","itemListElement":[{"@type":"ListItem","position":1,"name":"Home","item":"https:\/\/metakortos.lt\/"},{"@type":"ListItem","position":2,"name":"Parduotuv\u0117","item":"https:\/\/metakortos.lt\/parduotuve-2\/"},{"@type":"ListItem","position":3,"name":"Emocijos \u2013 Pa\u017eink savo emocijas"}]},{"@type":"WebSite","@id":"https:\/\/metakortos.lt\/#website","url":"https:\/\/metakortos.lt\/","name":"Metakortos.en","description":"","publisher":{"@id":"https:\/\/metakortos.lt\/#organization"},"potentialAction":[{"@type":"SearchAction","target":{"@type":"EntryPoint","urlTemplate":"https:\/\/metakortos.lt\/?s={search_term_string}"},"query-input":{"@type":"PropertyValueSpecification","valueRequired":true,"valueName":"search_term_string"}}],"inLanguage":"en-US"},{"@type":"Organization","@id":"https:\/\/metakortos.lt\/#organization","name":"Metakortos.en","url":"https:\/\/metakortos.lt\/","logo":{"@type":"ImageObject","inLanguage":"en-US","@id":"https:\/\/metakortos.lt\/#\/schema\/logo\/image\/","url":"https:\/\/metakortos.lt\/wp-content\/uploads\/2026\/02\/cropped-photo_2025-11-21_17-31-04-removebg-preview-removebg-preview.png","contentUrl":"https:\/\/metakortos.lt\/wp-content\/uploads\/2026\/02\/cropped-photo_2025-11-21_17-31-04-removebg-preview-removebg-preview.png","width":512,"height":512,"caption":"Metakortos.lt"},"image":{"@id":"https:\/\/metakortos.lt\/#\/schema\/logo\/image\/"}}]}},"_links":{"self":[{"href":"https:\/\/metakortos.lt\/en\/wp-json\/wp\/v2\/product\/827","targetHints":{"allow":["GET"]}}],"collection":[{"href":"https:\/\/metakortos.lt\/en\/wp-json\/wp\/v2\/product"}],"about":[{"href":"https:\/\/metakortos.lt\/en\/wp-json\/wp\/v2\/types\/product"}],"replies":[{"embeddable":true,"href":"https:\/\/metakortos.lt\/en\/wp-json\/wp\/v2\/comments?post=827"}],"version-history":[{"count":5,"href":"https:\/\/metakortos.lt\/en\/wp-json\/wp\/v2\/product\/827\/revisions"}],"predecessor-version":[{"id":2112,"href":"https:\/\/metakortos.lt\/en\/wp-json\/wp\/v2\/product\/827\/revisions\/2112"}],"wp:featuredmedia":[{"embeddable":true,"href":"https:\/\/metakortos.lt\/en\/wp-json\/wp\/v2\/media\/1371"}],"wp:attachment":[{"href":"https:\/\/metakortos.lt\/en\/wp-json\/wp\/v2\/media?parent=827"}],"wp:term":[{"taxonomy":"product_brand","embeddable":true,"href":"https:\/\/metakortos.lt\/en\/wp-json\/wp\/v2\/product_brand?post=827"},{"taxonomy":"product_cat","embeddable":true,"href":"https:\/\/metakortos.lt\/en\/wp-json\/wp\/v2\/product_cat?post=827"},{"taxonomy":"product_tag","embeddable":true,"href":"https:\/\/metakortos.lt\/en\/wp-json\/wp\/v2\/product_tag?post=827"}],"curies":[{"name":"wp","href":"https:\/\/api.w.org\/{rel}","templated":true}]}}