{"id":1997,"date":"2026-03-07T13:16:22","date_gmt":"2026-03-07T13:16:22","guid":{"rendered":"https:\/\/metakortos.lt\/?post_type=product&#038;p=1997"},"modified":"2026-03-29T12:43:54","modified_gmt":"2026-03-29T12:43:54","slug":"portalai","status":"publish","type":"product","link":"https:\/\/metakortos.lt\/en\/product-meta\/portalai\/","title":{"rendered":"Portals"},"content":{"rendered":"<p>\u201cPortals\u201d(\u201cPortals\u201d)<\/p>\n<p>\"Portals\" cards \u2013 this is abstract images, artistic miniature, created by the usual game of cards<br \/>\nformat.<br \/>\nEach card allows you to get the imagination: popup images, stories that come to you,<br \/>\nnever not even in the same individual, because the feelings and the status arises by itself.<br \/>\nThere are no rules or defined values; each of us in the same view we can see<br \/>\nsomething unique: a landscape, a mountain chain, the jungle, city street, the cave, and maybe a giant's hand, from the<br \/>\n\u0105so\u010dio tryk\u0161tant\u012f stream, and maybe something similar to yourself.<br \/>\nEach of these cards is aware differently, and it gives the freedom of expression, the ability to see<br \/>\nmy inner world. All their feelings and emotions you can pour on canvas or sheet music notebook,<br \/>\nexpress them in words, poetry, dancing. Regardless of the selected expression method<br \/>\nremember, that by the card from the \"Portals\" of the pile, you can pull out a symbol, a metaphor, or any<br \/>\nasociacin\u0119 chain from the video. The main thing \u2013 trust yourself and be fair with you.<br \/>\n\"Portals\" cards \u2013 this is a virtual gateway to your fantasy world.<br \/>\nGAMES<br \/>\nSolo<br \/>\n\"Magical mirror\". Player draws a card from the \"Portals\" of the pile and describes it as their own<br \/>\ncurrent status or to yourself. Card is \"the Magic mirror\", reflecting our feelings,<br \/>\nemotions, desires and thoughts. This way you can see yourself differently and perhaps understand what<br \/>\nto do next or how to behave in a particular situation.<br \/>\n\"Mosaic\". From the \"Portals\" deck, face-up down, pull out 10 cards. After seeing the cards, collect<br \/>\nthem into a mosaic. Describe the resulting image. This can be a map or your street view from the air<br \/>\nof the balloon. Let your imagination flow freely. This game helps to expand your awareness and<br \/>\nimaginative.<br \/>\n\"The artist\". From face-up \"Portals\" deck pull out 10 cards. After seeing the cards, take<br \/>\nsheet of paper and pencils and draw your own map, which would reflect the feelings and<br \/>\nemotions, which are experienced when looking at the cards. This game helps to develop and expand your<br \/>\ncreativity.<\/p>\n<p>Games for 2 players or more<\/p>\n<p>\"Cards in hands\". The center of the table face-up deck help down. Each player of the<br \/>\ndeck pulls 5 cards, keeping them secret from the other players. The first player<br \/>\nrandomly selects a card from the deck, her turn and helps to open spontaneously, starting<br \/>\ntelling the story from the first sentence that comes to mind. The other tells a card is selected<br \/>\npurposely, and not accidentally. Initially it seems that the story leads the players will. Game<br \/>\nagainst the backdrop of the card number is decreasing and only to the players imagination can end the story. Avoid complicated<br \/>\nthe scenes. The simple plot is more fun and easier to follow. The game helps to develop the<br \/>\nimagination and teaches you to pay attention to the events.<\/p>\n<p>\"The journey\". The first player randomly selects a card from the deck, turning it and helps<br \/>\nopen, starting to tell a story \u2013 travel, involving all players in the description.<br \/>\nEach player completes their story that the other player can continue using your<br \/>\ncard. You can play, until out of the pile will be taken all the cards, or you can decide in advance<br \/>\nhow many cards each player trauks. The game not only provides a fun way to spend time, but also<br \/>\nhelps you learn to work in a team, understand your partner and help him to perform his role.<br \/>\n\"The exhibition\". Players from the original deck are attracted to the three \"Portals\" cards and nerodydami their other players,<br \/>\nthink of their names. Later players take turns showing their cards to other players and<br \/>\nsay their names. Other players ' task is to guess each of the cards name. While playing this<br \/>\nthe game you learn to feel your partner's mood. This skill makes it easier to interact with<br \/>\nother.<br \/>\n\"Resources\". The center of the table face-up deck with the assistance of the face-up down. Each player<br \/>\nis dealt eight cards face down. Players in them being viewed. They can any of these cards<br \/>\ntoss, atpl\u0117\u0161dami them and helping the next deck. Instead of the deck pulled a new card.<br \/>\nThe other player also has a choice: he can change his card card from the deck or one of the<br \/>\nprevious players of discarded cards. The game continues until all are there to meet all<br \/>\neight of the cards. Each player shows his cards and explain to the other why they<br \/>\nhas been removed each card. The game helps to recognize the resources you need in this<br \/>\nstage of life and, sud\u0117liojus cards into a coherent chain, to understand where to locate them.<br \/>\n\"Portals\" deck of cards can be used not only in the game, but also as an efficient tool for the job<br \/>\nvarious occupational activities.<\/p>\n<p>\u2022 Metaphorical card deck.<br \/>\n\u2022 Courses and training on how to work with the cards.<br \/>\nGintaut\u0173 support and charity fonfo online shop<\/p>\n<p>www.metakortos.lt<\/p>\n<p>more videos about the life changing wishes pildim\u0105 please see our Youtubo channel Wishes coming true<\/p>\n<p>Love yourself, how to learn to love yourself, what gives love yourself<\/p>","protected":false},"excerpt":{"rendered":"<p data-start=\"183\" data-end=\"232\"><strong data-start=\"183\" data-end=\"232\">\"Portals\" \u2013 metaforin\u0117s asociatyvin\u0117s cards<\/strong><\/p>\n<p data-start=\"234\" data-end=\"581\">\"Portals\" cards \u2013 this is a unique abstract images of deck of cards, open up the gateway to your imagination and inner world. Each card is like a symbolic portal, which helps to discover new thoughts, emotions and creative ideas. These cards do not have one correct value \u2013 every man shall contain the foundation of your story, feelings or life situations.<\/p>\n<p data-start=\"583\" data-end=\"791\">\"Portals\" perfect for savirefleksijai, creativity, psychological work, kou\u010dingui or \u012fdomiems games with friends. It helps to develop imagination, to better understand yourself and to discover new solutions to life.<\/p>","protected":false},"featured_media":1998,"comment_status":"open","ping_status":"closed","template":"","meta":[],"product_brand":[],"product_cat":[16],"product_tag":[],"class_list":{"0":"post-1997","1":"product","2":"type-product","3":"status-publish","4":"has-post-thumbnail","6":"product_cat-metakortos","8":"first","9":"outofstock","10":"shipping-taxable","11":"purchasable","12":"product-type-simple"},"yoast_head":"<!-- This site is optimized with the Yoast SEO plugin v27.0 - https:\/\/yoast.com\/product\/yoast-seo-wordpress\/ -->\n<title>Portalai - Metakortos.lt<\/title>\n<meta name=\"robots\" content=\"index, follow, max-snippet:-1, max-image-preview:large, max-video-preview:-1\" \/>\n<link rel=\"canonical\" href=\"https:\/\/metakortos.lt\/en\/product-meta\/portalai\/\" \/>\n<meta property=\"og:locale\" content=\"en_US\" \/>\n<meta property=\"og:type\" content=\"article\" \/>\n<meta property=\"og:title\" content=\"Portalai - Metakortos.lt\" \/>\n<meta property=\"og:description\" content=\"\u201ePortalai\u201c \u2013 metaforin\u0117s asociatyvin\u0117s kortos \u201ePortal\u0173\u201c kortos \u2013 tai unikali abstrak\u010di\u0173 vaizd\u0173 kalad\u0117, atverianti vartus \u012f j\u016bs\u0173\" \/>\n<meta property=\"og:url\" content=\"https:\/\/metakortos.lt\/en\/product-meta\/portalai\/\" \/>\n<meta property=\"og:site_name\" content=\"Metakortos.lt\" \/>\n<meta property=\"article:modified_time\" content=\"2026-03-29T12:43:54+00:00\" \/>\n<meta property=\"og:image\" content=\"https:\/\/metakortos.lt\/wp-content\/uploads\/2026\/03\/DIM_4111.jpg\" \/>\n\t<meta property=\"og:image:width\" content=\"1757\" \/>\n\t<meta property=\"og:image:height\" content=\"2343\" \/>\n\t<meta property=\"og:image:type\" content=\"image\/jpeg\" \/>\n<meta name=\"twitter:card\" content=\"summary_large_image\" \/>\n<meta name=\"twitter:label1\" content=\"Est. reading time\" \/>\n\t<meta name=\"twitter:data1\" content=\"4 minutes\" \/>\n<script type=\"application\/ld+json\" class=\"yoast-schema-graph\">{\"@context\":\"https:\/\/schema.org\",\"@graph\":[{\"@type\":\"WebPage\",\"@id\":\"https:\/\/metakortos.lt\/en\/produktas\/portalai\/\",\"url\":\"https:\/\/metakortos.lt\/en\/produktas\/portalai\/\",\"name\":\"Portalai - Metakortos.lt\",\"isPartOf\":{\"@id\":\"https:\/\/metakortos.lt\/#website\"},\"primaryImageOfPage\":{\"@id\":\"https:\/\/metakortos.lt\/en\/produktas\/portalai\/#primaryimage\"},\"image\":{\"@id\":\"https:\/\/metakortos.lt\/en\/produktas\/portalai\/#primaryimage\"},\"thumbnailUrl\":\"https:\/\/metakortos.lt\/wp-content\/uploads\/2026\/03\/DIM_4111.jpg\",\"datePublished\":\"2026-03-07T13:16:22+00:00\",\"dateModified\":\"2026-03-29T12:43:54+00:00\",\"breadcrumb\":{\"@id\":\"https:\/\/metakortos.lt\/en\/produktas\/portalai\/#breadcrumb\"},\"inLanguage\":\"en-US\",\"potentialAction\":[{\"@type\":\"ReadAction\",\"target\":[\"https:\/\/metakortos.lt\/en\/produktas\/portalai\/\"]}]},{\"@type\":\"ImageObject\",\"inLanguage\":\"en-US\",\"@id\":\"https:\/\/metakortos.lt\/en\/produktas\/portalai\/#primaryimage\",\"url\":\"https:\/\/metakortos.lt\/wp-content\/uploads\/2026\/03\/DIM_4111.jpg\",\"contentUrl\":\"https:\/\/metakortos.lt\/wp-content\/uploads\/2026\/03\/DIM_4111.jpg\",\"width\":1757,\"height\":2343},{\"@type\":\"BreadcrumbList\",\"@id\":\"https:\/\/metakortos.lt\/en\/produktas\/portalai\/#breadcrumb\",\"itemListElement\":[{\"@type\":\"ListItem\",\"position\":1,\"name\":\"Home\",\"item\":\"https:\/\/metakortos.lt\/\"},{\"@type\":\"ListItem\",\"position\":2,\"name\":\"Parduotuv\u0117\",\"item\":\"https:\/\/metakortos.lt\/parduotuve-2\/\"},{\"@type\":\"ListItem\",\"position\":3,\"name\":\"Portalai\"}]},{\"@type\":\"WebSite\",\"@id\":\"https:\/\/metakortos.lt\/#website\",\"url\":\"https:\/\/metakortos.lt\/\",\"name\":\"Metakortos.lt\",\"description\":\"\",\"publisher\":{\"@id\":\"https:\/\/metakortos.lt\/#organization\"},\"potentialAction\":[{\"@type\":\"SearchAction\",\"target\":{\"@type\":\"EntryPoint\",\"urlTemplate\":\"https:\/\/metakortos.lt\/?s={search_term_string}\"},\"query-input\":{\"@type\":\"PropertyValueSpecification\",\"valueRequired\":true,\"valueName\":\"search_term_string\"}}],\"inLanguage\":\"en-US\"},{\"@type\":\"Organization\",\"@id\":\"https:\/\/metakortos.lt\/#organization\",\"name\":\"Metakortos.lt\",\"url\":\"https:\/\/metakortos.lt\/\",\"logo\":{\"@type\":\"ImageObject\",\"inLanguage\":\"en-US\",\"@id\":\"https:\/\/metakortos.lt\/#\/schema\/logo\/image\/\",\"url\":\"https:\/\/metakortos.lt\/wp-content\/uploads\/2026\/02\/cropped-photo_2025-11-21_17-31-04-removebg-preview-removebg-preview.png\",\"contentUrl\":\"https:\/\/metakortos.lt\/wp-content\/uploads\/2026\/02\/cropped-photo_2025-11-21_17-31-04-removebg-preview-removebg-preview.png\",\"width\":512,\"height\":512,\"caption\":\"Metakortos.lt\"},\"image\":{\"@id\":\"https:\/\/metakortos.lt\/#\/schema\/logo\/image\/\"}}]}<\/script>\n<!-- \/ Yoast SEO plugin. -->","yoast_head_json":{"title":"Portals - Metakortos.en","robots":{"index":"index","follow":"follow","max-snippet":"max-snippet:-1","max-image-preview":"max-image-preview:large","max-video-preview":"max-video-preview:-1"},"canonical":"https:\/\/metakortos.lt\/en\/product-meta\/portalai\/","og_locale":"en_US","og_type":"article","og_title":"Portalai - Metakortos.lt","og_description":"\u201ePortalai\u201c \u2013 metaforin\u0117s asociatyvin\u0117s kortos \u201ePortal\u0173\u201c kortos \u2013 tai unikali abstrak\u010di\u0173 vaizd\u0173 kalad\u0117, atverianti vartus \u012f j\u016bs\u0173","og_url":"https:\/\/metakortos.lt\/en\/product-meta\/portalai\/","og_site_name":"Metakortos.lt","article_modified_time":"2026-03-29T12:43:54+00:00","og_image":[{"width":1757,"height":2343,"url":"https:\/\/metakortos.lt\/wp-content\/uploads\/2026\/03\/DIM_4111.jpg","type":"image\/jpeg"}],"twitter_card":"summary_large_image","twitter_misc":{"Est. reading time":"4 minutes"},"schema":{"@context":"https:\/\/schema.org","@graph":[{"@type":"WebPage","@id":"https:\/\/metakortos.lt\/en\/produktas\/portalai\/","url":"https:\/\/metakortos.lt\/en\/produktas\/portalai\/","name":"Portals - Metakortos.en","isPartOf":{"@id":"https:\/\/metakortos.lt\/#website"},"primaryImageOfPage":{"@id":"https:\/\/metakortos.lt\/en\/produktas\/portalai\/#primaryimage"},"image":{"@id":"https:\/\/metakortos.lt\/en\/produktas\/portalai\/#primaryimage"},"thumbnailUrl":"https:\/\/metakortos.lt\/wp-content\/uploads\/2026\/03\/DIM_4111.jpg","datePublished":"2026-03-07T13:16:22+00:00","dateModified":"2026-03-29T12:43:54+00:00","breadcrumb":{"@id":"https:\/\/metakortos.lt\/en\/produktas\/portalai\/#breadcrumb"},"inLanguage":"en-US","potentialAction":[{"@type":"ReadAction","target":["https:\/\/metakortos.lt\/en\/produktas\/portalai\/"]}]},{"@type":"ImageObject","inLanguage":"en-US","@id":"https:\/\/metakortos.lt\/en\/produktas\/portalai\/#primaryimage","url":"https:\/\/metakortos.lt\/wp-content\/uploads\/2026\/03\/DIM_4111.jpg","contentUrl":"https:\/\/metakortos.lt\/wp-content\/uploads\/2026\/03\/DIM_4111.jpg","width":1757,"height":2343},{"@type":"BreadcrumbList","@id":"https:\/\/metakortos.lt\/en\/produktas\/portalai\/#breadcrumb","itemListElement":[{"@type":"ListItem","position":1,"name":"Home","item":"https:\/\/metakortos.lt\/"},{"@type":"ListItem","position":2,"name":"Parduotuv\u0117","item":"https:\/\/metakortos.lt\/parduotuve-2\/"},{"@type":"ListItem","position":3,"name":"Portalai"}]},{"@type":"WebSite","@id":"https:\/\/metakortos.lt\/#website","url":"https:\/\/metakortos.lt\/","name":"Metakortos.en","description":"","publisher":{"@id":"https:\/\/metakortos.lt\/#organization"},"potentialAction":[{"@type":"SearchAction","target":{"@type":"EntryPoint","urlTemplate":"https:\/\/metakortos.lt\/?s={search_term_string}"},"query-input":{"@type":"PropertyValueSpecification","valueRequired":true,"valueName":"search_term_string"}}],"inLanguage":"en-US"},{"@type":"Organization","@id":"https:\/\/metakortos.lt\/#organization","name":"Metakortos.en","url":"https:\/\/metakortos.lt\/","logo":{"@type":"ImageObject","inLanguage":"en-US","@id":"https:\/\/metakortos.lt\/#\/schema\/logo\/image\/","url":"https:\/\/metakortos.lt\/wp-content\/uploads\/2026\/02\/cropped-photo_2025-11-21_17-31-04-removebg-preview-removebg-preview.png","contentUrl":"https:\/\/metakortos.lt\/wp-content\/uploads\/2026\/02\/cropped-photo_2025-11-21_17-31-04-removebg-preview-removebg-preview.png","width":512,"height":512,"caption":"Metakortos.lt"},"image":{"@id":"https:\/\/metakortos.lt\/#\/schema\/logo\/image\/"}}]}},"_links":{"self":[{"href":"https:\/\/metakortos.lt\/en\/wp-json\/wp\/v2\/product\/1997","targetHints":{"allow":["GET"]}}],"collection":[{"href":"https:\/\/metakortos.lt\/en\/wp-json\/wp\/v2\/product"}],"about":[{"href":"https:\/\/metakortos.lt\/en\/wp-json\/wp\/v2\/types\/product"}],"replies":[{"embeddable":true,"href":"https:\/\/metakortos.lt\/en\/wp-json\/wp\/v2\/comments?post=1997"}],"version-history":[{"count":3,"href":"https:\/\/metakortos.lt\/en\/wp-json\/wp\/v2\/product\/1997\/revisions"}],"predecessor-version":[{"id":2053,"href":"https:\/\/metakortos.lt\/en\/wp-json\/wp\/v2\/product\/1997\/revisions\/2053"}],"wp:featuredmedia":[{"embeddable":true,"href":"https:\/\/metakortos.lt\/en\/wp-json\/wp\/v2\/media\/1998"}],"wp:attachment":[{"href":"https:\/\/metakortos.lt\/en\/wp-json\/wp\/v2\/media?parent=1997"}],"wp:term":[{"taxonomy":"product_brand","embeddable":true,"href":"https:\/\/metakortos.lt\/en\/wp-json\/wp\/v2\/product_brand?post=1997"},{"taxonomy":"product_cat","embeddable":true,"href":"https:\/\/metakortos.lt\/en\/wp-json\/wp\/v2\/product_cat?post=1997"},{"taxonomy":"product_tag","embeddable":true,"href":"https:\/\/metakortos.lt\/en\/wp-json\/wp\/v2\/product_tag?post=1997"}],"curies":[{"name":"wp","href":"https:\/\/api.w.org\/{rel}","templated":true}]}}