{"id":1991,"date":"2026-03-07T13:13:35","date_gmt":"2026-03-07T13:13:35","guid":{"rendered":"https:\/\/metakortos.lt\/?post_type=product&#038;p=1991"},"modified":"2026-03-29T12:43:54","modified_gmt":"2026-03-29T12:43:54","slug":"totemai","status":"publish","type":"product","link":"https:\/\/metakortos.lt\/en\/product-meta\/totemai\/","title":{"rendered":"More forest"},"content":{"rendered":"<p>More forest<\/p>\n<p>Kort\u0173 kalad\u0117, leid\u017eianti susisiekti su savo prigimtine esme ir i\u0161mokti harmoningai<\/p>\n<p>panaudoti senov\u0117s j\u0117gas savo gyvenime.<\/p>\n<p>Metaforin\u0117s asociatyvin\u0117s kortos yra universalus \u012frankis darbui su psichika. Jos sukuria<br \/>\nmetaforin\u0119 erdv\u0119, kuri\u0105 \u017emogus projektuoja \u012f save, \u012f savo vidin\u012f ir i\u0161orin\u012f pasaul\u012f. Tod\u0117l<br \/>\nper kortas jis gauna u\u017euomin\u0173 apie vykstan\u010dius procesus, kuri\u0173 anks\u010diau nepasteb\u0117jo.<br \/>\nTotemai- tai psichikos baziniai gyv\u016bn\u0173 archetipai atskleid\u017eiantys vadovaujan\u010dias<br \/>\npsichikos j\u0117gas ir leid\u017eiantys juos i\u0161samiai i\u0161tirti, suprasti j\u0173 subtilybes ir niuansus,<br \/>\ni\u0161mokti pritaikyti totemo stipri\u0105sias puses savo gyvenime ir su\u0161velninti jo silpn\u0105sias<br \/>\npuses, kai konkretus totemas pradeda aktyvuotis.<br \/>\nTradici\u0161kai manoma, kad \u017emogus turi vien\u0105 pagrindin\u012f totemin\u012f gyv\u016bn\u0105 ir kelis<br \/>\npapildomus, kurie gali j\u012f palaikyti. Skirtingais gyvenimo laikotarpiais pagrindinis<br \/>\ntotemas gali b\u016bti skirtingas gyv\u016bnas. Ta\u010diau da\u017eniausiai totemas i\u0161lieka tas pats nuo<br \/>\ngimimo iki mirties.<\/p>\n<p>Edukaciniai \u017eaidimai<\/p>\n<p>Yra daugyb\u0117 \u017eaidim\u0173 variant\u0173. Taip pat galite sugalvoti savo. Esm\u0117 ta, kad \u017emon\u0117s<br \/>\nsugeba visk\u0105. \u017dmon\u0117s sukurti pagal Dievo paveiksl\u0105 ir pana\u0161um\u0105. Kai \u017emogus jau\u010diasi<br \/>\nnesugebantis ka\u017eko padaryti, tai yra tod\u0117l, kad jis turi tam tikr\u0105 neigiam\u0105 po\u017ei\u016br\u012f \u012f koki\u0105<br \/>\nnors savo dal\u012f, nepriima \u0161ios dalies ar savo savybi\u0173 ir d\u0117l to negali j\u0173 pritaikyti.<br \/>\nSav\u0119s pri\u0117mimo (savo savybi\u0173) \u017eaidimas: paklauskite sav\u0119s: \u201eKas mane blokuoja?\u201c ir<br \/>\naklai i\u0161traukite 1\u20133 kortas, \u017ei\u016br\u0117dami \u012f i\u0161traukt\u0105 gyv\u016bn\u0105. Turite suprasti, kas konkre\u010diai<br \/>\n\u0161iame gyv\u016bne jus atstumia, kas sukelia atst\u016bmim\u0105, pasiprie\u0161inim\u0105 ir nepri\u0117mim\u0105. Tada<br \/>\nturite priimti \u0161i\u0105 savyb\u0119. Pri\u0117mimui galite naudoti kitas kalades, pavyzd\u017eiui,<br \/>\n\u201eMurchastie\u201c i\u0161tekli\u0173 kalad\u0119, i\u0161 jos i\u0161traukti papildom\u0173 i\u0161tekli\u0173 ir sugeb\u0117ti suderinti save<br \/>\niki tokio lygio, kad gal\u0117tum\u0117te priimti savybes, kurias mat\u0117te toteme. Jei esate \u012fgud\u0119<br \/>\ndvasin\u0117je integracijoje, jums akivaizdu, kaip pa\u0161alinti kortoje matom\u0105 negatyvum\u0105. T\u0105<br \/>\npat\u012f padarykite su antr\u0105ja ir tre\u010di\u0105ja kortomis.<br \/>\nSavybi\u0173 tyrin\u0117jimo ir ugdymo \u017eaidimas: naudodamiesi \u201eTotem\u0173\u201c kalade, galite tyrin\u0117ti<br \/>\nsave, ie\u0161kodami geb\u0117jim\u0173, kuriuos jums reikia i\u0161siugdyti, kad pasiektum\u0117te s\u0117km\u0117s.<br \/>\nPaklauskite sav\u0119s: \u201eKoki\u0173 savybi\u0173 man tr\u016bksta, kad b\u016b\u010diau s\u0117kmingas \u0161ioje ar kitoje<br \/>\nsrityje?\u201c Pavyzd\u017eiui, \u012fvykdyti sutart\u012f. I\u0161traukite nuo vienos iki trij\u0173 kort\u0173 ir nustatykite<br \/>\nsavybes, kurios jums kelia susi\u017eav\u0117jim\u0105 ir pagarb\u0105. Tai savyb\u0117s, kurias jums reikia<br \/>\ni\u0161siugdyti. Tada, jei suprasite, kokios savyb\u0117s jums tr\u016bksta, susiraskite \u017emog\u0173, i\u0161 kurio<br \/>\ngalite atkartoti \u0161i\u0105 savyb\u0119, ir prad\u0117kite i\u0161 jo mokytis, kaip j\u0105 demonstruoti. Tai galima<br \/>\npadaryti i\u0161 j\u0173 pa\u010di\u0173, film\u0173 ar knyg\u0173. Tai priklauso nuo to, kokia \u0161i savyb\u0117 \u2013 ar ji vidin\u0117,<br \/>\nar i\u0161vystyta i\u0161orin\u0117, pavyzd\u017eiui, j\u0117ga, vikrumas ir pan. Sav\u0119s tyrin\u0117jimo \u017eaidimas:<br \/>\npavyzd\u017eiui, nupie\u0161kite save vaikyst\u0117je, save suaugusiame, save paauglyst\u0117je ir save<\/p>\n<p>vyresniame am\u017eiuje ir pasikalb\u0117kite vienas su kitu i\u0161 kiekvieno am\u017eiaus perspektyvos,<br \/>\nkiekvien\u0105 am\u017ei\u0173 reprezentuodami kaip vien\u0105 i\u0161 totem\u0173 fig\u016br\u0173.<br \/>\nDarbas su subpersonalyb\u0117mis: nustatykite, kurioms subpersonalyb\u0117ms reikia skirti<br \/>\nypating\u0105 d\u0117mes\u012f. Tai gali b\u016bti subpersonalyb\u0117s, socialiniai vaidmenys, pavyzd\u017eiui, kas<br \/>\nesate kaip vyras ar \u017emona, kas esate kaip darbuotojas, kaip darbuotojas ar kaip<br \/>\nverslininkas. I\u0161traukite save ir bendraukite su \u0161iomis hipostaz\u0117mis.<br \/>\nPavyzd\u017eiui, jei patiriate sunkum\u0173 \u0161eimoje, nesusipratim\u0173 su vaikais ir painiavos su<br \/>\nsutuoktiniais bei t\u0117vais, ir neturite pinig\u0173, i\u0161traukite save kaip vaik\u0105, kaip vyr\u0105, jei esate<br \/>\nvyras, kaip t\u0117v\u0105 ir kaip darbuotoj\u0105. Organizuokite dialog\u0105 tarp \u0161i\u0173 hipostazi\u0173, kurio metu<br \/>\npaai\u0161k\u0117s daugelis j\u016bs\u0173 gyvenimo aspekt\u0173, \u012f kuriuos niekada nekreip\u0117te d\u0117mesio. Turite<br \/>\napib\u016bdinti, k\u0105 jau\u010dia kiekviena korta. Pasakykite, kuri korta jau\u010dia stipriausi\u0105 emocij\u0105.<br \/>\nApib\u016bdinkite emocij\u0105 ir kod\u0117l, kas kaltas ir k\u0105 reikia padaryti, kad j\u0105 pakeistum\u0117te.<br \/>\nSvarbu suprasti, kad kort\u0173 santykin\u0117s pad\u0117ties keitimas taip pat labai veikia kiekvienos<br \/>\nkortos patirties emocin\u012f intensyvum\u0105. Tod\u0117l santykines pozicijas taip pat galima ir reikia<br \/>\nkeisti.<br \/>\n\u017daidimas \u201eMano dienos gyn\u0117jas\u201c: ryte prisiminkite, k\u0105 jums reikia padaryti \u0161iandien,<br \/>\ni\u0161traukite kortel\u0119, pa\u017ei\u016br\u0117kite \u012f kortel\u0117s stipri\u0105sias puses, \u012fsivaizduokite, kad<br \/>\n\u201eapsivelkate\u201c \u0161iuo gyv\u016bnu, apimdami visas jo stipri\u0105sias puses, ir vis\u0105 dien\u0105 stenkit\u0117s<br \/>\nvaidinti \u0161io gyv\u016bno vaidmen\u012f.<br \/>\nPavyzd\u017eiui, jei pie\u0161iate lap\u0119, esate gudrus, u\u017eduodate klausimus, ai\u0161kinat\u0117s, ar visk\u0105<br \/>\nteisingai supratote ir ar yra kitas b\u016bdas gauti tai, ko norite, kai jums buvo pasakyta, kad<br \/>\ntai savaime suprantama. Nupie\u0161kite ir \u201eapsivelkite\u201c \u0161uns totem\u0105 \u2013 pavyzd\u017eiui,<br \/>\nsuaktyvinote atsidavim\u0105.<br \/>\nTyrin\u0117jimo \u017eaidimas \u201eK\u0105 \u017einau apie save\u201c: I\u0161traukite \u0161ias korteles:<br \/>\n\u2022 save, kur\u012f \u017einau tik a\u0161;<br \/>\n\u2022 kaip mane mato kiti;<br \/>\n\u2022 ko kiti apie mane ne\u017eino;<br \/>\n\u2022 ko niekas apie mane ne\u017eino;<br \/>\n\u2022 koks esu vie\u0161umoje;<br \/>\n\u2022 koks esu su savimi;<br \/>\n\u2022 kok\u012f mane suvokia kiti;<br \/>\n\u2022 koks esu i\u0161 tikr\u0173j\u0173.<br \/>\nKiekviena kortel\u0117 tur\u0117t\u0173 b\u016bti apklausiama: \u201eKo nori?\u201c, \u201eApie k\u0105 svajoji?\u201c, \u201eKo bijai?\u201c,<br \/>\n\u201eKo sieki?\u201c, \u201eKaip man padedi?\u201c, \u201eKaip man trukdai?\u201c, \u201eNuo ko mane ginsi?\u201c, \u201eKaip<br \/>\ngaliu tau pad\u0117ti?\u201c, \u201eKada b\u016bsi laimingas?\u201c<\/p>\n<p>Tai pagrindiniai, bet ne vieninteliai b\u016bdai dirbti su metaforin\u0117mis \u201eTotem\u0173\u201c kortel\u0117mis.<br \/>\nLinkime s\u0117km\u0117s suvokiant savo sielos gelmes!<br \/>\nTOTEMAI<br \/>\n1. Gandras<br \/>\n2. Vover\u0117<br \/>\n3. Bebras<br \/>\n4. Jautis<br \/>\n5. Kupranugaris<br \/>\n6. Vilkas<br \/>\n7. Varnas<br \/>\n8. Gepardas<br \/>\n9. Delfinas<br \/>\n10. E\u017eys<br \/>\n11. Ki\u0161kis<br \/>\n12. Gyvat\u0117<br \/>\n13. Arklys<br \/>\n14. Kat\u0117<br \/>\n15. Gulb\u0117<br \/>\n16. Lap\u0117<br \/>\n17. Lokys<br \/>\n18. Pel\u0117<br \/>\n19. Avis<br \/>\n20. Elnias<br \/>\n21. Erelis<br \/>\n22. Asilas<br \/>\n23. Povas<br \/>\n24. Voras<br \/>\n25. \u017duvis<br \/>\n26. L\u016b\u0161is<br \/>\n27. Kiaul\u0117<br \/>\n28. Dramblys<br \/>\n29. \u0160uo<br \/>\n30. Pel\u0117da<br \/>\n31. Sakalas<br \/>\n32. Tigras<br \/>\n33. V\u0117\u017elys<\/p>\n<p>\u2022 Metaphorical card deck.<br \/>\n\u2022 Courses and training on how to work with the cards.<br \/>\nGintaut\u0173 support and charity fonfo online shop<\/p>\n<p>www.metakortos.lt<\/p>\n<p>more videos about the life changing wishes pildim\u0105 please see our Youtubo channel Wishes coming true<\/p>\n<p>Love yourself, how to learn to love yourself, what gives love yourself<\/p>","protected":false},"excerpt":{"rendered":"<p data-start=\"112\" data-end=\"158\"><strong data-start=\"112\" data-end=\"158\">Totemai \u2013 metaforin\u0117s asociatyvin\u0117s kortos<\/strong><\/p>\n<p data-start=\"160\" data-end=\"417\">\u201eTotemai\u201c \u2013 tai metaforini\u0173 asociatyvini\u0173 kort\u0173 kalad\u0117, padedanti geriau pa\u017einti save, savo vidines j\u0117gas ir psichikos archetipus. Kiekviena korta vaizduoja gyv\u016bn\u0105 \u2013 simbolin\u012f totem\u0105, kuris atspindi tam tikras \u017emogaus savybes, emocijas ir vidinius procesus.<\/p>\n<p data-start=\"419\" data-end=\"704\">Dirbant su \u0161iomis kortomis galima atskleisti pasl\u0117ptus resursus, suprasti savo stiprybes ir silpnybes, rasti sprendimus sud\u0117tingose situacijose bei ugdyti reikalingas savybes gyvenime. Kortos tinka tiek asmeniniam sav\u0119s pa\u017einimui, tiek psichologams, kou\u010deriams ir saviugdos praktikams.<\/p>\n<p data-start=\"706\" data-end=\"808\">Kalad\u0117 gali b\u016bti naudojama sav\u0119s analiz\u0117s, k\u016brybini\u0173 pratim\u0173, edukacini\u0173 \u017eaidim\u0173 ir konsultacij\u0173 metu.<\/p>\n<div class=\"elementor-element elementor-element-448d9c87 elementor-widget elementor-widget-woocommerce-product-short-description\" data-id=\"448d9c87\" data-element_type=\"widget\" data-widget_type=\"woocommerce-product-short-description.default\">\n<div class=\"woocommerce-product-details__short-description\">\n<p data-start=\"675\" data-end=\"808\"><span style=\"color: #ff6600;\">*Kortos yra rus\u0173 kalb\u0105, lietuvi\u0173 kalba dar ruo\u0161iama<\/span><\/p>\n<\/div>\n<\/div>\n<div class=\"elementor-element elementor-element-717dd787 e-add-to-cart--show-quantity-yes elementor-widget elementor-widget-woocommerce-product-add-to-cart\" data-id=\"717dd787\" data-element_type=\"widget\" data-widget_type=\"woocommerce-product-add-to-cart.default\">\n<div class=\"elementor-add-to-cart elementor-product-simple\"><\/div>\n<\/div>","protected":false},"featured_media":1992,"comment_status":"open","ping_status":"closed","template":"","meta":[],"product_brand":[],"product_cat":[16],"product_tag":[],"class_list":{"0":"post-1991","1":"product","2":"type-product","3":"status-publish","4":"has-post-thumbnail","6":"product_cat-metakortos","8":"first","9":"instock","10":"shipping-taxable","11":"purchasable","12":"product-type-simple"},"yoast_head":"<!-- This site is optimized with the Yoast SEO plugin v27.0 - https:\/\/yoast.com\/product\/yoast-seo-wordpress\/ -->\n<title>Totemai - Metakortos.lt<\/title>\n<meta name=\"robots\" content=\"index, follow, max-snippet:-1, max-image-preview:large, max-video-preview:-1\" \/>\n<link rel=\"canonical\" href=\"https:\/\/metakortos.lt\/en\/product-meta\/totemai\/\" \/>\n<meta property=\"og:locale\" content=\"en_US\" \/>\n<meta property=\"og:type\" content=\"article\" \/>\n<meta property=\"og:title\" content=\"Totemai - Metakortos.lt\" \/>\n<meta property=\"og:description\" content=\"Totemai \u2013 metaforin\u0117s asociatyvin\u0117s kortos \u201eTotemai\u201c \u2013 tai metaforini\u0173 asociatyvini\u0173 kort\u0173 kalad\u0117, padedanti geriau pa\u017einti save, savo\" \/>\n<meta property=\"og:url\" content=\"https:\/\/metakortos.lt\/en\/product-meta\/totemai\/\" \/>\n<meta property=\"og:site_name\" content=\"Metakortos.lt\" \/>\n<meta property=\"article:modified_time\" content=\"2026-03-29T12:43:54+00:00\" \/>\n<meta property=\"og:image\" content=\"https:\/\/metakortos.lt\/wp-content\/uploads\/2026\/03\/DIM_4095.jpg\" \/>\n\t<meta property=\"og:image:width\" content=\"1790\" \/>\n\t<meta property=\"og:image:height\" content=\"2386\" \/>\n\t<meta property=\"og:image:type\" content=\"image\/jpeg\" \/>\n<meta name=\"twitter:card\" content=\"summary_large_image\" \/>\n<meta name=\"twitter:label1\" content=\"Est. reading time\" \/>\n\t<meta name=\"twitter:data1\" content=\"5 minutes\" \/>\n<script type=\"application\/ld+json\" class=\"yoast-schema-graph\">{\"@context\":\"https:\/\/schema.org\",\"@graph\":[{\"@type\":\"WebPage\",\"@id\":\"https:\/\/metakortos.lt\/produktas\/totemai\/\",\"url\":\"https:\/\/metakortos.lt\/produktas\/totemai\/\",\"name\":\"Totemai - Metakortos.lt\",\"isPartOf\":{\"@id\":\"https:\/\/metakortos.lt\/#website\"},\"primaryImageOfPage\":{\"@id\":\"https:\/\/metakortos.lt\/produktas\/totemai\/#primaryimage\"},\"image\":{\"@id\":\"https:\/\/metakortos.lt\/produktas\/totemai\/#primaryimage\"},\"thumbnailUrl\":\"https:\/\/metakortos.lt\/wp-content\/uploads\/2026\/03\/DIM_4095.jpg\",\"datePublished\":\"2026-03-07T13:13:35+00:00\",\"dateModified\":\"2026-03-29T12:43:54+00:00\",\"breadcrumb\":{\"@id\":\"https:\/\/metakortos.lt\/produktas\/totemai\/#breadcrumb\"},\"inLanguage\":\"en-US\",\"potentialAction\":[{\"@type\":\"ReadAction\",\"target\":[\"https:\/\/metakortos.lt\/produktas\/totemai\/\"]}]},{\"@type\":\"ImageObject\",\"inLanguage\":\"en-US\",\"@id\":\"https:\/\/metakortos.lt\/produktas\/totemai\/#primaryimage\",\"url\":\"https:\/\/metakortos.lt\/wp-content\/uploads\/2026\/03\/DIM_4095.jpg\",\"contentUrl\":\"https:\/\/metakortos.lt\/wp-content\/uploads\/2026\/03\/DIM_4095.jpg\",\"width\":1790,\"height\":2386},{\"@type\":\"BreadcrumbList\",\"@id\":\"https:\/\/metakortos.lt\/produktas\/totemai\/#breadcrumb\",\"itemListElement\":[{\"@type\":\"ListItem\",\"position\":1,\"name\":\"Home\",\"item\":\"https:\/\/metakortos.lt\/\"},{\"@type\":\"ListItem\",\"position\":2,\"name\":\"Parduotuv\u0117\",\"item\":\"https:\/\/metakortos.lt\/parduotuve-2\/\"},{\"@type\":\"ListItem\",\"position\":3,\"name\":\"Totemai\"}]},{\"@type\":\"WebSite\",\"@id\":\"https:\/\/metakortos.lt\/#website\",\"url\":\"https:\/\/metakortos.lt\/\",\"name\":\"Metakortos.lt\",\"description\":\"\",\"publisher\":{\"@id\":\"https:\/\/metakortos.lt\/#organization\"},\"potentialAction\":[{\"@type\":\"SearchAction\",\"target\":{\"@type\":\"EntryPoint\",\"urlTemplate\":\"https:\/\/metakortos.lt\/?s={search_term_string}\"},\"query-input\":{\"@type\":\"PropertyValueSpecification\",\"valueRequired\":true,\"valueName\":\"search_term_string\"}}],\"inLanguage\":\"en-US\"},{\"@type\":\"Organization\",\"@id\":\"https:\/\/metakortos.lt\/#organization\",\"name\":\"Metakortos.lt\",\"url\":\"https:\/\/metakortos.lt\/\",\"logo\":{\"@type\":\"ImageObject\",\"inLanguage\":\"en-US\",\"@id\":\"https:\/\/metakortos.lt\/#\/schema\/logo\/image\/\",\"url\":\"https:\/\/metakortos.lt\/wp-content\/uploads\/2026\/02\/cropped-photo_2025-11-21_17-31-04-removebg-preview-removebg-preview.png\",\"contentUrl\":\"https:\/\/metakortos.lt\/wp-content\/uploads\/2026\/02\/cropped-photo_2025-11-21_17-31-04-removebg-preview-removebg-preview.png\",\"width\":512,\"height\":512,\"caption\":\"Metakortos.lt\"},\"image\":{\"@id\":\"https:\/\/metakortos.lt\/#\/schema\/logo\/image\/\"}}]}<\/script>\n<!-- \/ Yoast SEO plugin. -->","yoast_head_json":{"title":"Totemai - Metakortos.lt","robots":{"index":"index","follow":"follow","max-snippet":"max-snippet:-1","max-image-preview":"max-image-preview:large","max-video-preview":"max-video-preview:-1"},"canonical":"https:\/\/metakortos.lt\/en\/product-meta\/totemai\/","og_locale":"en_US","og_type":"article","og_title":"Totemai - Metakortos.lt","og_description":"Totemai \u2013 metaforin\u0117s asociatyvin\u0117s kortos \u201eTotemai\u201c \u2013 tai metaforini\u0173 asociatyvini\u0173 kort\u0173 kalad\u0117, padedanti geriau pa\u017einti save, savo","og_url":"https:\/\/metakortos.lt\/en\/product-meta\/totemai\/","og_site_name":"Metakortos.lt","article_modified_time":"2026-03-29T12:43:54+00:00","og_image":[{"width":1790,"height":2386,"url":"https:\/\/metakortos.lt\/wp-content\/uploads\/2026\/03\/DIM_4095.jpg","type":"image\/jpeg"}],"twitter_card":"summary_large_image","twitter_misc":{"Est. reading time":"5 minutes"},"schema":{"@context":"https:\/\/schema.org","@graph":[{"@type":"WebPage","@id":"https:\/\/metakortos.lt\/produktas\/totemai\/","url":"https:\/\/metakortos.lt\/produktas\/totemai\/","name":"Totemai - Metakortos.lt","isPartOf":{"@id":"https:\/\/metakortos.lt\/#website"},"primaryImageOfPage":{"@id":"https:\/\/metakortos.lt\/produktas\/totemai\/#primaryimage"},"image":{"@id":"https:\/\/metakortos.lt\/produktas\/totemai\/#primaryimage"},"thumbnailUrl":"https:\/\/metakortos.lt\/wp-content\/uploads\/2026\/03\/DIM_4095.jpg","datePublished":"2026-03-07T13:13:35+00:00","dateModified":"2026-03-29T12:43:54+00:00","breadcrumb":{"@id":"https:\/\/metakortos.lt\/produktas\/totemai\/#breadcrumb"},"inLanguage":"en-US","potentialAction":[{"@type":"ReadAction","target":["https:\/\/metakortos.lt\/produktas\/totemai\/"]}]},{"@type":"ImageObject","inLanguage":"en-US","@id":"https:\/\/metakortos.lt\/produktas\/totemai\/#primaryimage","url":"https:\/\/metakortos.lt\/wp-content\/uploads\/2026\/03\/DIM_4095.jpg","contentUrl":"https:\/\/metakortos.lt\/wp-content\/uploads\/2026\/03\/DIM_4095.jpg","width":1790,"height":2386},{"@type":"BreadcrumbList","@id":"https:\/\/metakortos.lt\/produktas\/totemai\/#breadcrumb","itemListElement":[{"@type":"ListItem","position":1,"name":"Home","item":"https:\/\/metakortos.lt\/"},{"@type":"ListItem","position":2,"name":"Parduotuv\u0117","item":"https:\/\/metakortos.lt\/parduotuve-2\/"},{"@type":"ListItem","position":3,"name":"Totemai"}]},{"@type":"WebSite","@id":"https:\/\/metakortos.lt\/#website","url":"https:\/\/metakortos.lt\/","name":"Metakortos.en","description":"","publisher":{"@id":"https:\/\/metakortos.lt\/#organization"},"potentialAction":[{"@type":"SearchAction","target":{"@type":"EntryPoint","urlTemplate":"https:\/\/metakortos.lt\/?s={search_term_string}"},"query-input":{"@type":"PropertyValueSpecification","valueRequired":true,"valueName":"search_term_string"}}],"inLanguage":"en-US"},{"@type":"Organization","@id":"https:\/\/metakortos.lt\/#organization","name":"Metakortos.en","url":"https:\/\/metakortos.lt\/","logo":{"@type":"ImageObject","inLanguage":"en-US","@id":"https:\/\/metakortos.lt\/#\/schema\/logo\/image\/","url":"https:\/\/metakortos.lt\/wp-content\/uploads\/2026\/02\/cropped-photo_2025-11-21_17-31-04-removebg-preview-removebg-preview.png","contentUrl":"https:\/\/metakortos.lt\/wp-content\/uploads\/2026\/02\/cropped-photo_2025-11-21_17-31-04-removebg-preview-removebg-preview.png","width":512,"height":512,"caption":"Metakortos.lt"},"image":{"@id":"https:\/\/metakortos.lt\/#\/schema\/logo\/image\/"}}]}},"_links":{"self":[{"href":"https:\/\/metakortos.lt\/en\/wp-json\/wp\/v2\/product\/1991","targetHints":{"allow":["GET"]}}],"collection":[{"href":"https:\/\/metakortos.lt\/en\/wp-json\/wp\/v2\/product"}],"about":[{"href":"https:\/\/metakortos.lt\/en\/wp-json\/wp\/v2\/types\/product"}],"replies":[{"embeddable":true,"href":"https:\/\/metakortos.lt\/en\/wp-json\/wp\/v2\/comments?post=1991"}],"version-history":[{"count":3,"href":"https:\/\/metakortos.lt\/en\/wp-json\/wp\/v2\/product\/1991\/revisions"}],"predecessor-version":[{"id":2110,"href":"https:\/\/metakortos.lt\/en\/wp-json\/wp\/v2\/product\/1991\/revisions\/2110"}],"wp:featuredmedia":[{"embeddable":true,"href":"https:\/\/metakortos.lt\/en\/wp-json\/wp\/v2\/media\/1992"}],"wp:attachment":[{"href":"https:\/\/metakortos.lt\/en\/wp-json\/wp\/v2\/media?parent=1991"}],"wp:term":[{"taxonomy":"product_brand","embeddable":true,"href":"https:\/\/metakortos.lt\/en\/wp-json\/wp\/v2\/product_brand?post=1991"},{"taxonomy":"product_cat","embeddable":true,"href":"https:\/\/metakortos.lt\/en\/wp-json\/wp\/v2\/product_cat?post=1991"},{"taxonomy":"product_tag","embeddable":true,"href":"https:\/\/metakortos.lt\/en\/wp-json\/wp\/v2\/product_tag?post=1991"}],"curies":[{"name":"wp","href":"https:\/\/api.w.org\/{rel}","templated":true}]}}