{"id":1983,"date":"2026-03-07T12:40:29","date_gmt":"2026-03-07T12:40:29","guid":{"rendered":"https:\/\/metakortos.lt\/?post_type=product&#038;p=1983"},"modified":"2026-03-29T12:43:54","modified_gmt":"2026-03-29T12:43:54","slug":"laimingos-kates","status":"publish","type":"product","link":"https:\/\/metakortos.lt\/en\/product-meta\/laimingos-kates\/","title":{"rendered":"Happy Cats"},"content":{"rendered":"<p>\u201eHappyCat\u201c (Laiminga kat\u0117)<br \/>\nResurs\u0173 kalad\u0117, leid\u017eianti rasti stipryb\u0117s ir sprendim\u0173, bet kokioje situacijoje<br \/>\nMetaforin\u0117s \u201eHappyCat\u201c kortos yra veiksminga priemon\u0117, kuri gali b\u016bti naudinga tiek<br \/>\nprofesionaliam psichologui, tiek ir kiekvienam.<br \/>\nKat\u0117s, besipuikuojan\u010dios savo gro\u017eiu, \u0161velnios ir grak\u0161\u010dios, ta\u010diau kartu ir stiprios, \u017eavi mus<br \/>\nmeile laisvei, skleid\u017eiamai \u0161ilumai ir jaukumui, unikaliam prisiri\u0161imui ir \u0161velnumui,<br \/>\nu\u017eburian\u010dios savo murkimu, yra tikras resursas \u017emon\u0117ms.<br \/>\nMetafori\u0161ki ka\u010di\u0173 vaizdai sukuria saugumo jausm\u0105 ir padeda atsikratyti pasiprie\u0161inimo, tod\u0117l<br \/>\nlengva i\u0161nagrin\u0117ti suvokiamus neigiamus gyvenimo aspektus, atsiribojant nuo \u0161i\u0173 gra\u017ei\u0173<br \/>\ngyv\u016bn\u0173. I\u0161radingai suprantant, bet kurios situacijos prie\u017eastis, pasekmes ir galimus sprendimus.<br \/>\nKalad\u0117 sukurta taip, kad visos joje esan\u010dios kat\u0117s atspind\u0117t\u0173 teigiamas emocijas. Siekiant<br \/>\nnustatyti i\u0161tekli\u0173 nereikalaujan\u010dias sritis, kiekvienoje kortoje yra pasl\u0117pta gr\u0117sm\u0117, kuri\u0105 i\u0161tekli\u0173<br \/>\nneturintis \u017emogus i\u0161 karto atpa\u017e\u012fsta, mato ir gali susieti su savo gyvenimo situacija.<br \/>\nD\u017eiaugsmingos kort\u0173 nuotaikos leid\u017eia lengvai, be psichologo pagalbos, bet koki\u0105 situacij\u0105<br \/>\npaversti i\u0161 problemi\u0161kos \u012f i\u0161rading\u0105.<br \/>\n\u0160i\u0105 kalad\u0119 galima naudoti kartu su kitomis kalad\u0117mis kaip papildom\u0105 i\u0161tekli\u0173 kalad\u0119, tais<br \/>\natvejais, kai \u017emogui tr\u016bksta tinkamo sprendimo.<br \/>\nKalad\u0119 taip pat galima naudoti atskirai, terapiniams \u017eaidimams.<br \/>\nEdukaciniai \u017eaidimai<\/p>\n<p>\u201eKo i\u0161moko situacija\u201c<br \/>\nImkite kortas i\u0161 kalad\u0117s po vien\u0105 ir interpretuokite situacij\u0105 per jas, kol ai\u0161kiai suprasite<br \/>\npagrindin\u0119 situacijos prie\u017east\u012f ir ko ji moko.<br \/>\n\u201eK\u0105 galiu gauti \u0161ioje situacijoje (kokie resursai pasl\u0117pti)\u201c<br \/>\nImkite kortas i\u0161 kalad\u0117s po vien\u0105 ir naudokite jas situacijai ir jos resursams interpretuoti, kol<br \/>\nai\u0161kiai suprasite \u0161ioje situacijoje slypin\u010dius resursus.<br \/>\n\u201eKaip galiu paveikti situacij\u0105\u201c<br \/>\n\u0160is \u017eaidimas leid\u017eia greitai rasti i\u0161rading\u0105 b\u016bd\u0105 i\u0161spr\u0119sti situacij\u0105 su minimaliomis s\u0105naudomis<br \/>\nir maksimalia nauda sau ir visiems kitiems dalyvaujantiems. Procesas pana\u0161us: imkite kortas po<br \/>\nvien\u0105 ir interpretuokite jas pagal savo dabartinius poreikius.<br \/>\n\u201eK\u0105 atne\u0161 man sekanti diena?\u201c<\/p>\n<p>\u0160is \u017eaidimas padeda pasiruo\u0161ti produktyviai dienai, pasikrauti d\u017eiaugsmo, malonumo ir geros<br \/>\ndienos laukimo. Procesas pana\u0161us: po vien\u0105 imkite kortas ir interpretuokite jas pagal savo<br \/>\ndabartinius poreikius.<br \/>\n\u201ePakelk galv\u0105!\u201c<br \/>\n\u0160is \u017eaidimas skirtas situacijoms, kai patiriate sunkias emocines b\u016bsenas. Kalad\u0117 padeda atkurti<br \/>\nteigiam\u0105 emocin\u0119 b\u016bsen\u0105. Darbo eiga pana\u0161i: paeiliui traukite kortas ir interpretuokite jas<br \/>\natsi\u017evelgdami \u012f dabartin\u012f pra\u0161ym\u0105.<br \/>\n\u201eRib\u0173 tyrin\u0117jimas\u201c<br \/>\nPirmiausia u\u017esira\u0161ykite, kas yra stipresnis ir vyresnis u\u017e mane, kas yra man lygus, o kas yra<br \/>\njaunesnis u\u017e mane. Tada paeiliui i\u0161traukite tris kortas, paai\u0161kindami, kaip grind\u017eiamas<br \/>\nsavitarpio supratimas. Tada traukite tris kortas, koks tai gal\u0117t\u0173 b\u016bti procesas, ir tris kortas su<br \/>\nu\u017euominomis, kaip tai pasiekti.<br \/>\n\u201ePara\u0161ykite istorij\u0105 su vaiku\u201c<br \/>\n\u0160is \u017eaidimas skirtas ugdyti vaik\u0173 optimizm\u0105 ir geb\u0117jim\u0105 patirti teigiamas emocijas.<br \/>\n\u017di\u016br\u0117dami \u012f kortas kartu su vaiku, u\u017eduokite jam klausimus ir klausykite jo atsakym\u0173.<br \/>\nPavyzd\u017eiui: Kod\u0117l kat\u0117s \u010dia laimingos? K\u0105 jos bando parodyti? Kokias savybes jos turi? Kokia<br \/>\nj\u0173 b\u016bsena? Kur gyvenime tu patiri \u0161i\u0105 b\u016bsen\u0105? Kaip gali j\u0105 pajausti, kai nesijauti gerai?<br \/>\n\u201ePara\u0161yk istorij\u0105\u201c<br \/>\nDalyviai paeiliui traukia kortel\u0119 ir pasakoja savo istorijos dal\u012f. Kitas dalyvis traukia kortel\u0119 ir<br \/>\nt\u0119sia istorij\u0105.<br \/>\n\u201eMin\u010di\u0173 lietus\u201c<br \/>\nProblem\u0173 sprendimo kortel\u0117. Dalyviai traukia kortel\u0119, naudoja j\u0105 sprendimui sugalvoti ir tada<br \/>\ntraukia kit\u0105 kortel\u0119.<br \/>\n\u201eIdealus tikslas\u201c<br \/>\nU\u017esira\u0161ykite tiksl\u0105. Traukite korteles po vien\u0105 ir patikslinkite tiksl\u0105 pagal tai, k\u0105 matote<br \/>\nkortel\u0117je.<br \/>\n\u201eHappyCat\u201c (Laiminga kat\u0117) kalad\u0117 gali b\u016bti naudojama ne tik \u017eaidimui, bet ir kaip<br \/>\nefektyvi darbo priemon\u0117 \u012fvairioms profesin\u0117ms veikloms.<br \/>\n\u201ePortals\u201c (portalai) \u2013 unikali kalad\u0117 su daugiau nei \u0161imtu pritaikym\u0173. Abstrakt\u016bs<br \/>\nvaizdai padeda pamatyti savo vidin\u012f pasaul\u012f.<br \/>\n\u201eAlterEgo\u201c kalad\u0117 gali b\u016bti naudojama ne tik \u017eaidimui, bet ir kaip efektyvi darbo<br \/>\npriemon\u0117 \u012fvairioms profesin\u0117ms veikloms<\/p>\n<p>\u201eEmotions\u201c (emocijos) \u2013 \u017eod\u017ei\u0173 ir vaizd\u0173 derinys suteikia prieig\u0105 prie gili\u0173 j\u016bs\u0173<br \/>\ngyvenimo \u012fvyki\u0173 prie\u017eas\u010di\u0173 ir j\u016bs\u0173 reakcij\u0173 \u012f juos.<br \/>\n\u201eArchetypes\u201c \u2013 kalad\u0117, leid\u017eianti kontroliuoti ir \u012ftakoti lemtingiems sprendimams,<br \/>\npakilti \u012f nauj\u0105 savo galios lyg\u012f ir harmoningai j\u012f panaudoti.<br \/>\n\u201eTotems\u201c \u2013 kalad\u0117, leid\u017eianti susisiekti su savo prigimtine esme ir i\u0161mokti<br \/>\nharmoningai panaudoti \u0161ias senovines j\u0117gas savo gyvenime.<\/p>\n<p>\u2022 Metaphorical card deck.<br \/>\n\u2022 Courses and training on how to work with the cards.<br \/>\nGintaut\u0173 support and charity fonfo online shop<\/p>\n<p>www.metakortos.lt<\/p>\n<p>more videos about the life changing wishes pildim\u0105 please see our Youtubo channel Wishes coming true<\/p>\n<p>Love yourself, how to learn to love yourself, what gives love yourself<\/p>","protected":false},"excerpt":{"rendered":"<p data-start=\"84\" data-end=\"131\"><strong data-start=\"84\" data-end=\"131\">HappyCat (Laimingos kat\u0117s) metaforin\u0117s kortos<\/strong><\/p>\n<p data-start=\"133\" data-end=\"390\">\u201eHappyCat\u201c \u2013 tai resursin\u0117 metaforini\u0173 kort\u0173 kalad\u0117, padedanti atrasti vidin\u0119 stipryb\u0119, teigiamas emocijas ir k\u016brybi\u0161kus sprendimus \u012fvairiose gyvenimo situacijose. Kortose vaizduojamos kat\u0117s simbolizuoja laisv\u0119, \u0161ilum\u0105, jaukum\u0105 ir vidinius \u017emogaus resursus.<\/p>\n<p data-start=\"392\" data-end=\"651\">\u0160ios kortos gali b\u016bti naudojamos saviugdai, psichologiniam darbui, edukaciniams \u017eaidimams ar k\u016brybin\u0117ms praktikoms. Jos padeda pa\u017evelgti \u012f problemas i\u0161 naujos perspektyvos, atrasti pasl\u0117ptus resursus ir lengviau suprasti savo emocijas bei gyvenimo situacijas.<\/p>\n<p data-start=\"653\" data-end=\"786\">\u201eHappyCat\u201c kortos tinka tiek individualiam naudojimui, tiek darbui su vaikais, grup\u0117mis ar profesionalioje psichologin\u0117je praktikoje.<\/p>","protected":false},"featured_media":1985,"comment_status":"open","ping_status":"closed","template":"","meta":[],"product_brand":[],"product_cat":[16],"product_tag":[],"class_list":{"0":"post-1983","1":"product","2":"type-product","3":"status-publish","4":"has-post-thumbnail","6":"product_cat-metakortos","8":"first","9":"instock","10":"shipping-taxable","11":"purchasable","12":"product-type-simple"},"yoast_head":"<!-- This site is optimized with the Yoast SEO plugin v27.0 - https:\/\/yoast.com\/product\/yoast-seo-wordpress\/ -->\n<title>Laimingos Kat\u0117s - Metakortos.lt<\/title>\n<meta name=\"robots\" content=\"index, follow, max-snippet:-1, max-image-preview:large, max-video-preview:-1\" \/>\n<link rel=\"canonical\" href=\"https:\/\/metakortos.lt\/en\/product-meta\/laimingos-kates\/\" \/>\n<meta property=\"og:locale\" content=\"en_US\" \/>\n<meta property=\"og:type\" content=\"article\" \/>\n<meta property=\"og:title\" content=\"Laimingos Kat\u0117s - Metakortos.lt\" \/>\n<meta property=\"og:description\" content=\"HappyCat (Laimingos kat\u0117s) metaforin\u0117s kortos \u201eHappyCat\u201c \u2013 tai resursin\u0117 metaforini\u0173 kort\u0173 kalad\u0117, padedanti atrasti vidin\u0119 stipryb\u0119, te\" \/>\n<meta property=\"og:url\" content=\"https:\/\/metakortos.lt\/en\/product-meta\/laimingos-kates\/\" \/>\n<meta property=\"og:site_name\" content=\"Metakortos.lt\" \/>\n<meta property=\"article:modified_time\" content=\"2026-03-29T12:43:54+00:00\" \/>\n<meta property=\"og:image\" content=\"https:\/\/metakortos.lt\/wp-content\/uploads\/2026\/03\/DIM_4114.jpg\" \/>\n\t<meta property=\"og:image:width\" content=\"1740\" \/>\n\t<meta property=\"og:image:height\" content=\"2320\" \/>\n\t<meta property=\"og:image:type\" content=\"image\/jpeg\" \/>\n<meta name=\"twitter:card\" content=\"summary_large_image\" \/>\n<meta name=\"twitter:label1\" content=\"Est. reading time\" \/>\n\t<meta name=\"twitter:data1\" content=\"4 minutes\" \/>\n<script type=\"application\/ld+json\" class=\"yoast-schema-graph\">{\"@context\":\"https:\/\/schema.org\",\"@graph\":[{\"@type\":\"WebPage\",\"@id\":\"https:\/\/metakortos.lt\/produktas\/laimingos-kates\/\",\"url\":\"https:\/\/metakortos.lt\/produktas\/laimingos-kates\/\",\"name\":\"Laimingos Kat\u0117s - Metakortos.lt\",\"isPartOf\":{\"@id\":\"https:\/\/metakortos.lt\/#website\"},\"primaryImageOfPage\":{\"@id\":\"https:\/\/metakortos.lt\/produktas\/laimingos-kates\/#primaryimage\"},\"image\":{\"@id\":\"https:\/\/metakortos.lt\/produktas\/laimingos-kates\/#primaryimage\"},\"thumbnailUrl\":\"https:\/\/metakortos.lt\/wp-content\/uploads\/2026\/03\/DIM_4114.jpg\",\"datePublished\":\"2026-03-07T12:40:29+00:00\",\"dateModified\":\"2026-03-29T12:43:54+00:00\",\"breadcrumb\":{\"@id\":\"https:\/\/metakortos.lt\/produktas\/laimingos-kates\/#breadcrumb\"},\"inLanguage\":\"en-US\",\"potentialAction\":[{\"@type\":\"ReadAction\",\"target\":[\"https:\/\/metakortos.lt\/produktas\/laimingos-kates\/\"]}]},{\"@type\":\"ImageObject\",\"inLanguage\":\"en-US\",\"@id\":\"https:\/\/metakortos.lt\/produktas\/laimingos-kates\/#primaryimage\",\"url\":\"https:\/\/metakortos.lt\/wp-content\/uploads\/2026\/03\/DIM_4114.jpg\",\"contentUrl\":\"https:\/\/metakortos.lt\/wp-content\/uploads\/2026\/03\/DIM_4114.jpg\",\"width\":1740,\"height\":2320},{\"@type\":\"BreadcrumbList\",\"@id\":\"https:\/\/metakortos.lt\/produktas\/laimingos-kates\/#breadcrumb\",\"itemListElement\":[{\"@type\":\"ListItem\",\"position\":1,\"name\":\"Home\",\"item\":\"https:\/\/metakortos.lt\/\"},{\"@type\":\"ListItem\",\"position\":2,\"name\":\"Parduotuv\u0117\",\"item\":\"https:\/\/metakortos.lt\/parduotuve-2\/\"},{\"@type\":\"ListItem\",\"position\":3,\"name\":\"Laimingos Kat\u0117s\"}]},{\"@type\":\"WebSite\",\"@id\":\"https:\/\/metakortos.lt\/#website\",\"url\":\"https:\/\/metakortos.lt\/\",\"name\":\"Metakortos.lt\",\"description\":\"\",\"publisher\":{\"@id\":\"https:\/\/metakortos.lt\/#organization\"},\"potentialAction\":[{\"@type\":\"SearchAction\",\"target\":{\"@type\":\"EntryPoint\",\"urlTemplate\":\"https:\/\/metakortos.lt\/?s={search_term_string}\"},\"query-input\":{\"@type\":\"PropertyValueSpecification\",\"valueRequired\":true,\"valueName\":\"search_term_string\"}}],\"inLanguage\":\"en-US\"},{\"@type\":\"Organization\",\"@id\":\"https:\/\/metakortos.lt\/#organization\",\"name\":\"Metakortos.lt\",\"url\":\"https:\/\/metakortos.lt\/\",\"logo\":{\"@type\":\"ImageObject\",\"inLanguage\":\"en-US\",\"@id\":\"https:\/\/metakortos.lt\/#\/schema\/logo\/image\/\",\"url\":\"https:\/\/metakortos.lt\/wp-content\/uploads\/2026\/02\/cropped-photo_2025-11-21_17-31-04-removebg-preview-removebg-preview.png\",\"contentUrl\":\"https:\/\/metakortos.lt\/wp-content\/uploads\/2026\/02\/cropped-photo_2025-11-21_17-31-04-removebg-preview-removebg-preview.png\",\"width\":512,\"height\":512,\"caption\":\"Metakortos.lt\"},\"image\":{\"@id\":\"https:\/\/metakortos.lt\/#\/schema\/logo\/image\/\"}}]}<\/script>\n<!-- \/ Yoast SEO plugin. -->","yoast_head_json":{"title":"Laimingos Kat\u0117s - Metakortos.lt","robots":{"index":"index","follow":"follow","max-snippet":"max-snippet:-1","max-image-preview":"max-image-preview:large","max-video-preview":"max-video-preview:-1"},"canonical":"https:\/\/metakortos.lt\/en\/product-meta\/laimingos-kates\/","og_locale":"en_US","og_type":"article","og_title":"Laimingos Kat\u0117s - Metakortos.lt","og_description":"HappyCat (Laimingos kat\u0117s) metaforin\u0117s kortos \u201eHappyCat\u201c \u2013 tai resursin\u0117 metaforini\u0173 kort\u0173 kalad\u0117, padedanti atrasti vidin\u0119 stipryb\u0119, te","og_url":"https:\/\/metakortos.lt\/en\/product-meta\/laimingos-kates\/","og_site_name":"Metakortos.lt","article_modified_time":"2026-03-29T12:43:54+00:00","og_image":[{"width":1740,"height":2320,"url":"https:\/\/metakortos.lt\/wp-content\/uploads\/2026\/03\/DIM_4114.jpg","type":"image\/jpeg"}],"twitter_card":"summary_large_image","twitter_misc":{"Est. reading time":"4 minutes"},"schema":{"@context":"https:\/\/schema.org","@graph":[{"@type":"WebPage","@id":"https:\/\/metakortos.lt\/produktas\/laimingos-kates\/","url":"https:\/\/metakortos.lt\/produktas\/laimingos-kates\/","name":"Laimingos Kat\u0117s - Metakortos.lt","isPartOf":{"@id":"https:\/\/metakortos.lt\/#website"},"primaryImageOfPage":{"@id":"https:\/\/metakortos.lt\/produktas\/laimingos-kates\/#primaryimage"},"image":{"@id":"https:\/\/metakortos.lt\/produktas\/laimingos-kates\/#primaryimage"},"thumbnailUrl":"https:\/\/metakortos.lt\/wp-content\/uploads\/2026\/03\/DIM_4114.jpg","datePublished":"2026-03-07T12:40:29+00:00","dateModified":"2026-03-29T12:43:54+00:00","breadcrumb":{"@id":"https:\/\/metakortos.lt\/produktas\/laimingos-kates\/#breadcrumb"},"inLanguage":"en-US","potentialAction":[{"@type":"ReadAction","target":["https:\/\/metakortos.lt\/produktas\/laimingos-kates\/"]}]},{"@type":"ImageObject","inLanguage":"en-US","@id":"https:\/\/metakortos.lt\/produktas\/laimingos-kates\/#primaryimage","url":"https:\/\/metakortos.lt\/wp-content\/uploads\/2026\/03\/DIM_4114.jpg","contentUrl":"https:\/\/metakortos.lt\/wp-content\/uploads\/2026\/03\/DIM_4114.jpg","width":1740,"height":2320},{"@type":"BreadcrumbList","@id":"https:\/\/metakortos.lt\/produktas\/laimingos-kates\/#breadcrumb","itemListElement":[{"@type":"ListItem","position":1,"name":"Home","item":"https:\/\/metakortos.lt\/"},{"@type":"ListItem","position":2,"name":"Parduotuv\u0117","item":"https:\/\/metakortos.lt\/parduotuve-2\/"},{"@type":"ListItem","position":3,"name":"Laimingos Kat\u0117s"}]},{"@type":"WebSite","@id":"https:\/\/metakortos.lt\/#website","url":"https:\/\/metakortos.lt\/","name":"Metakortos.en","description":"","publisher":{"@id":"https:\/\/metakortos.lt\/#organization"},"potentialAction":[{"@type":"SearchAction","target":{"@type":"EntryPoint","urlTemplate":"https:\/\/metakortos.lt\/?s={search_term_string}"},"query-input":{"@type":"PropertyValueSpecification","valueRequired":true,"valueName":"search_term_string"}}],"inLanguage":"en-US"},{"@type":"Organization","@id":"https:\/\/metakortos.lt\/#organization","name":"Metakortos.en","url":"https:\/\/metakortos.lt\/","logo":{"@type":"ImageObject","inLanguage":"en-US","@id":"https:\/\/metakortos.lt\/#\/schema\/logo\/image\/","url":"https:\/\/metakortos.lt\/wp-content\/uploads\/2026\/02\/cropped-photo_2025-11-21_17-31-04-removebg-preview-removebg-preview.png","contentUrl":"https:\/\/metakortos.lt\/wp-content\/uploads\/2026\/02\/cropped-photo_2025-11-21_17-31-04-removebg-preview-removebg-preview.png","width":512,"height":512,"caption":"Metakortos.lt"},"image":{"@id":"https:\/\/metakortos.lt\/#\/schema\/logo\/image\/"}}]}},"_links":{"self":[{"href":"https:\/\/metakortos.lt\/en\/wp-json\/wp\/v2\/product\/1983","targetHints":{"allow":["GET"]}}],"collection":[{"href":"https:\/\/metakortos.lt\/en\/wp-json\/wp\/v2\/product"}],"about":[{"href":"https:\/\/metakortos.lt\/en\/wp-json\/wp\/v2\/types\/product"}],"replies":[{"embeddable":true,"href":"https:\/\/metakortos.lt\/en\/wp-json\/wp\/v2\/comments?post=1983"}],"version-history":[{"count":4,"href":"https:\/\/metakortos.lt\/en\/wp-json\/wp\/v2\/product\/1983\/revisions"}],"predecessor-version":[{"id":1987,"href":"https:\/\/metakortos.lt\/en\/wp-json\/wp\/v2\/product\/1983\/revisions\/1987"}],"wp:featuredmedia":[{"embeddable":true,"href":"https:\/\/metakortos.lt\/en\/wp-json\/wp\/v2\/media\/1985"}],"wp:attachment":[{"href":"https:\/\/metakortos.lt\/en\/wp-json\/wp\/v2\/media?parent=1983"}],"wp:term":[{"taxonomy":"product_brand","embeddable":true,"href":"https:\/\/metakortos.lt\/en\/wp-json\/wp\/v2\/product_brand?post=1983"},{"taxonomy":"product_cat","embeddable":true,"href":"https:\/\/metakortos.lt\/en\/wp-json\/wp\/v2\/product_cat?post=1983"},{"taxonomy":"product_tag","embeddable":true,"href":"https:\/\/metakortos.lt\/en\/wp-json\/wp\/v2\/product_tag?post=1983"}],"curies":[{"name":"wp","href":"https:\/\/api.w.org\/{rel}","templated":true}]}}